{"id":109,"date":"2023-04-28T08:50:24","date_gmt":"2023-04-28T08:50:24","guid":{"rendered":"https:\/\/aefcastro.net\/centroqualifica\/?page_id=109"},"modified":"2023-06-01T14:43:54","modified_gmt":"2023-06-01T14:43:54","slug":"ofertas-de-formacao","status":"publish","type":"page","link":"https:\/\/aefcastro.net\/centroqualifica\/index.php\/ofertas-de-formacao\/","title":{"rendered":"Ofertas de Forma\u00e7\u00e3o"},"content":{"rendered":"\n<p class=\"has-large-font-size\"><strong>Processo de Reconhecimento de Valida\u00e7\u00e3o e Certifica\u00e7\u00e3o de Compet\u00eancias<\/strong><\/p>\n\n\n\n<p class=\"has-medium-font-size\"><strong>O Centro Qualifica do Agrupamento de Escolas Ferreira de Castro tem ao seu dispor as<br>seguintes modalidades de forma\u00e7\u00e3o:<\/strong><\/p>\n\n\n\n<p><strong>Processo RVCC:<\/strong><\/p>\n\n\n\n<p>   . Escolar<br>   . Profissional e de Dupla Certifica\u00e7\u00e3o, nas seguintes \u00e1reas:<br>   . T\u00e9cnico de Apoio Familiar e de Apoio \u00e0 comunidade;<br>   . Assistente familiar e de apoio \u00e0 comunidade;<br>   . T\u00e9cnico Administrativo;<br>   . Assistente administrativo;<br>   . T\u00e9cnico de Inform\u00e1tico\/Sistemas;<br>   . Operador de Inform\u00e1tica;<br>   . T\u00e9cnico de Log\u00edstica;<br>   . Operador de Log\u00edstica.<\/p>\n","protected":false},"excerpt":{"rendered":"<p>Processo de Reconhecimento de Valida\u00e7\u00e3o e Certifica\u00e7\u00e3o de Compet\u00eancias O Centro Qualifica do Agrupamento de Escolas Ferreira de Castro tem ao seu dispor asseguintes modalidades de forma\u00e7\u00e3o: Processo RVCC: . Escolar . Profissional e de Dupla Certifica\u00e7\u00e3o, nas seguintes \u00e1reas: . T\u00e9cnico de Apoio Familiar e de Apoio \u00e0 comunidade; . Assistente familiar e de [&hellip;]<\/p>\n","protected":false},"author":1,"featured_media":0,"parent":0,"menu_order":0,"comment_status":"closed","ping_status":"closed","template":"","meta":{"footnotes":""},"class_list":["post-109","page","type-page","status-publish","hentry"],"_links":{"self":[{"href":"https:\/\/aefcastro.net\/centroqualifica\/index.php\/wp-json\/wp\/v2\/pages\/109","targetHints":{"allow":["GET"]}}],"collection":[{"href":"https:\/\/aefcastro.net\/centroqualifica\/index.php\/wp-json\/wp\/v2\/pages"}],"about":[{"href":"https:\/\/aefcastro.net\/centroqualifica\/index.php\/wp-json\/wp\/v2\/types\/page"}],"author":[{"embeddable":true,"href":"https:\/\/aefcastro.net\/centroqualifica\/index.php\/wp-json\/wp\/v2\/users\/1"}],"replies":[{"embeddable":true,"href":"https:\/\/aefcastro.net\/centroqualifica\/index.php\/wp-json\/wp\/v2\/comments?post=109"}],"version-history":[{"count":8,"href":"https:\/\/aefcastro.net\/centroqualifica\/index.php\/wp-json\/wp\/v2\/pages\/109\/revisions"}],"predecessor-version":[{"id":198,"href":"https:\/\/aefcastro.net\/centroqualifica\/index.php\/wp-json\/wp\/v2\/pages\/109\/revisions\/198"}],"wp:attachment":[{"href":"https:\/\/aefcastro.net\/centroqualifica\/index.php\/wp-json\/wp\/v2\/media?parent=109"}],"curies":[{"name":"wp","href":"https:\/\/api.w.org\/{rel}","templated":true}]}}