{"id":149,"date":"2023-05-18T11:38:49","date_gmt":"2023-05-18T11:38:49","guid":{"rendered":"https:\/\/aefcastro.net\/centroqualifica\/?page_id=149"},"modified":"2023-05-18T11:42:08","modified_gmt":"2023-05-18T11:42:08","slug":"pla-portugues-lingua-de-acolhimento","status":"publish","type":"page","link":"https:\/\/aefcastro.net\/centroqualifica\/index.php\/pla-portugues-lingua-de-acolhimento\/","title":{"rendered":"PLA"},"content":{"rendered":"\n<p class=\"has-medium-font-size\"><strong>PLA (Portugu\u00eas L\u00edngua de Acolhimento)<\/strong><\/p>\n\n\n\n<p>\u201cque se destina a cidad\u00e3os com idade igual ou<br>superior a 16&nbsp;anos, cuja l\u00edngua materna n\u00e3o \u00e9 a l\u00edngua portuguesa e\/ou que n\u00e3o detenham<br>compet\u00eancias b\u00e1sicas, interm\u00e9dias ou avan\u00e7adas em l\u00edngua portuguesa, de acordo com o<br>Quadro Europeu Comum de Refer\u00eancia para as L\u00ednguas.\u201d (ANQEP)<\/p>\n","protected":false},"excerpt":{"rendered":"<p>PLA (Portugu\u00eas L\u00edngua de Acolhimento) \u201cque se destina a cidad\u00e3os com idade igual ousuperior a 16&nbsp;anos, cuja l\u00edngua materna n\u00e3o \u00e9 a l\u00edngua portuguesa e\/ou que n\u00e3o detenhamcompet\u00eancias b\u00e1sicas, interm\u00e9dias ou avan\u00e7adas em l\u00edngua portuguesa, de acordo com oQuadro Europeu Comum de Refer\u00eancia para as L\u00ednguas.\u201d (ANQEP)<\/p>\n","protected":false},"author":1,"featured_media":0,"parent":0,"menu_order":0,"comment_status":"closed","ping_status":"closed","template":"","meta":{"footnotes":""},"class_list":["post-149","page","type-page","status-publish","hentry"],"_links":{"self":[{"href":"https:\/\/aefcastro.net\/centroqualifica\/index.php\/wp-json\/wp\/v2\/pages\/149","targetHints":{"allow":["GET"]}}],"collection":[{"href":"https:\/\/aefcastro.net\/centroqualifica\/index.php\/wp-json\/wp\/v2\/pages"}],"about":[{"href":"https:\/\/aefcastro.net\/centroqualifica\/index.php\/wp-json\/wp\/v2\/types\/page"}],"author":[{"embeddable":true,"href":"https:\/\/aefcastro.net\/centroqualifica\/index.php\/wp-json\/wp\/v2\/users\/1"}],"replies":[{"embeddable":true,"href":"https:\/\/aefcastro.net\/centroqualifica\/index.php\/wp-json\/wp\/v2\/comments?post=149"}],"version-history":[{"count":4,"href":"https:\/\/aefcastro.net\/centroqualifica\/index.php\/wp-json\/wp\/v2\/pages\/149\/revisions"}],"predecessor-version":[{"id":155,"href":"https:\/\/aefcastro.net\/centroqualifica\/index.php\/wp-json\/wp\/v2\/pages\/149\/revisions\/155"}],"wp:attachment":[{"href":"https:\/\/aefcastro.net\/centroqualifica\/index.php\/wp-json\/wp\/v2\/media?parent=149"}],"curies":[{"name":"wp","href":"https:\/\/api.w.org\/{rel}","templated":true}]}}