{"id":151,"date":"2023-05-18T11:39:09","date_gmt":"2023-05-18T11:39:09","guid":{"rendered":"https:\/\/aefcastro.net\/centroqualifica\/?page_id=151"},"modified":"2023-05-18T11:45:08","modified_gmt":"2023-05-18T11:45:08","slug":"efa-cursos-de-educacao-e-formacao-de-adultos","status":"publish","type":"page","link":"https:\/\/aefcastro.net\/centroqualifica\/index.php\/efa-cursos-de-educacao-e-formacao-de-adultos\/","title":{"rendered":"EFA"},"content":{"rendered":"\n<p class=\"has-medium-font-size\"><strong>EFA (Cursos de Educa\u00e7\u00e3o e Forma\u00e7\u00e3o de Adultos)<\/strong><\/p>\n\n\n\n<p>Os cursos de Educa\u00e7\u00e3o e Forma\u00e7\u00e3o de<br>Adultos (EFA) s\u00e3o um percurso flex\u00edvel de forma\u00e7\u00e3o, de dura\u00e7\u00e3o vari\u00e1vel, especificamente<br>dirigido a adultos, que permite o desenvolvimento de compet\u00eancias sociais, cient\u00edficas e<br>profissionais necess\u00e1rias ao exerc\u00edcio de uma atividade profissional e simultaneamente a<br>obten\u00e7\u00e3o de um n\u00edvel b\u00e1sico ou do n\u00edvel secund\u00e1rio de educa\u00e7\u00e3o (Portaria n.\u00ba 86\/2022, de 4<br>de fevereiro &#8211; vers\u00e3o consolidada).<br>Os cursos de Educa\u00e7\u00e3o e Forma\u00e7\u00e3o de Adultos t\u00eam uma dura\u00e7\u00e3o que pode variar em fun\u00e7\u00e3o<br>do n\u00edvel de certifica\u00e7\u00e3o em causa e est\u00e3o organizados em diferentes tipos de percursos<br>formativos: de ensino b\u00e1sico, de ensino secund\u00e1rio, de dupla certifica\u00e7\u00e3o ou apenas<br>percursos relativos ao desenvolvimento de compet\u00eancias profissionais.<br>Para quem?<br>Os cursos de Educa\u00e7\u00e3o e Forma\u00e7\u00e3o de Adultos podem ser o percurso indicado para quem<br>tem idade igual ou superior a 18 anos e pretenda obter o 4.\u00ba, 6.\u00ba ou 9.\u00ba ano de escolaridade<br>do ensino b\u00e1sico ou o ensino secund\u00e1rio (12.\u00ba ano) ou deseja obter uma certifica\u00e7\u00e3o<br>profissional.<br>Estes cursos permitem, tamb\u00e9m, responder \u00e0s necessidades espec\u00edficas de qualifica\u00e7\u00e3o de<br>adultos com baixas e muito baixas qualifica\u00e7\u00f5es, nomeadamente sem o ensino b\u00e1sico,<br>iletrados ou com n\u00edveis de literacia muito insuficientes.<br>Qual a certifica\u00e7\u00e3o?<br>A conclus\u00e3o de um Curso de Educa\u00e7\u00e3o e Forma\u00e7\u00e3o de Adultos permite a obten\u00e7\u00e3o de uma<br>certifica\u00e7\u00e3o escolar de n\u00edvel b\u00e1sico (4.\u00ba, 6.\u00ba ou 9.\u00ba ano) ou de n\u00edvel secund\u00e1rio (12.\u00ba ano), de<br>uma certifica\u00e7\u00e3o profissional ou de ambas, designando-se nestes casos de dupla certifica\u00e7\u00e3o<br>e confere o n\u00edvel 1, 2, 3 ou 4 de qualifica\u00e7\u00e3o do Quadro Nacional de Qualifica\u00e7\u00f5es \u2013 Portaria<br>n.\u00ba 782\/2009, 23 de julho.<\/p>\n","protected":false},"excerpt":{"rendered":"<p>EFA (Cursos de Educa\u00e7\u00e3o e Forma\u00e7\u00e3o de Adultos) Os cursos de Educa\u00e7\u00e3o e Forma\u00e7\u00e3o deAdultos (EFA) s\u00e3o um percurso flex\u00edvel de forma\u00e7\u00e3o, de dura\u00e7\u00e3o vari\u00e1vel, especificamentedirigido a adultos, que permite o desenvolvimento de compet\u00eancias sociais, cient\u00edficas eprofissionais necess\u00e1rias ao exerc\u00edcio de uma atividade profissional e simultaneamente aobten\u00e7\u00e3o de um n\u00edvel b\u00e1sico ou do n\u00edvel secund\u00e1rio [&hellip;]<\/p>\n","protected":false},"author":1,"featured_media":0,"parent":0,"menu_order":0,"comment_status":"closed","ping_status":"closed","template":"","meta":{"footnotes":""},"class_list":["post-151","page","type-page","status-publish","hentry"],"_links":{"self":[{"href":"https:\/\/aefcastro.net\/centroqualifica\/index.php\/wp-json\/wp\/v2\/pages\/151","targetHints":{"allow":["GET"]}}],"collection":[{"href":"https:\/\/aefcastro.net\/centroqualifica\/index.php\/wp-json\/wp\/v2\/pages"}],"about":[{"href":"https:\/\/aefcastro.net\/centroqualifica\/index.php\/wp-json\/wp\/v2\/types\/page"}],"author":[{"embeddable":true,"href":"https:\/\/aefcastro.net\/centroqualifica\/index.php\/wp-json\/wp\/v2\/users\/1"}],"replies":[{"embeddable":true,"href":"https:\/\/aefcastro.net\/centroqualifica\/index.php\/wp-json\/wp\/v2\/comments?post=151"}],"version-history":[{"count":3,"href":"https:\/\/aefcastro.net\/centroqualifica\/index.php\/wp-json\/wp\/v2\/pages\/151\/revisions"}],"predecessor-version":[{"id":157,"href":"https:\/\/aefcastro.net\/centroqualifica\/index.php\/wp-json\/wp\/v2\/pages\/151\/revisions\/157"}],"wp:attachment":[{"href":"https:\/\/aefcastro.net\/centroqualifica\/index.php\/wp-json\/wp\/v2\/media?parent=151"}],"curies":[{"name":"wp","href":"https:\/\/api.w.org\/{rel}","templated":true}]}}