{"id":2,"date":"2023-04-25T09:17:52","date_gmt":"2023-04-25T09:17:52","guid":{"rendered":"https:\/\/aefcastro.net\/centroqualifica\/?page_id=2"},"modified":"2023-04-27T14:33:17","modified_gmt":"2023-04-27T14:33:17","slug":"sample-page","status":"publish","type":"page","link":"https:\/\/aefcastro.net\/centroqualifica\/index.php\/sample-page\/","title":{"rendered":"Modalidades de Educa\u00e7\u00e3o e Forma\u00e7\u00e3o"},"content":{"rendered":"<h3 class=\"font_8 wixui-rich-text__text\"><strong><span class=\"wixui-rich-text__text\">Cursos de Forma\u00e7\u00e3o e Educa\u00e7\u00e3o de Adultos<\/span><\/strong><\/h3>\n<p>&nbsp;<\/p>\n<p class=\"font_8 wixui-rich-text__text\">Os cursos de Educa\u00e7\u00e3o e Forma\u00e7\u00e3o de Adultos (EFA) s\u00e3o uma oferta de educa\u00e7\u00e3o e forma\u00e7\u00e3o para adultos que pretendam elevar as suas qualifica\u00e7\u00f5es.<\/p>\n<p class=\"font_8 wixui-rich-text__text\">Um curso EFA Escolar permite completar o 1.\u00ba, 2.\u00ba ou 3.\u00ba ciclos do ensino b\u00e1sico ou o ensino secund\u00e1rio.<\/p>\n<p class=\"font_8 wixui-rich-text__text\">Um curso EFA de Dupla Certifica\u00e7\u00e3o permite adquirir uma habilita\u00e7\u00e3o escolar e certifica\u00e7\u00e3o profissional.<\/p>\n<p class=\"font_8 wixui-rich-text__text\">Existe ainda a modalidade de EFA Profissional. Esta modalidade aplica-se a adultos j\u00e1 detentores do 3.\u00ba ciclo do ensino b\u00e1sico ou do n\u00edvel secund\u00e1rio que pretendam obter uma dupla certifica\u00e7\u00e3o. Nesta situa\u00e7\u00e3o, os adultos podem desenvolver apenas a componente de forma\u00e7\u00e3o tecnol\u00f3gica do curso EFA correspondente.<\/p>\n<p>&nbsp;<\/p>\n<h3 class=\"font_8 wixui-rich-text__text\">CONDI\u00c7\u00d5ES DE ACESSO<\/h3>\n<p>&nbsp;<\/p>\n<p class=\"font_8 wixui-rich-text__text\">Ter idade igual ou superior a 18 anos.<\/p>\n<p class=\"font_8 wixui-rich-text__text\">A t\u00edtulo excecional, poder\u00e1 ser aprovada a frequ\u00eancia num determinado Curso EFA a formandos com idade inferior a 18 anos, desde que estejam comprovadamente inseridos no mercado de trabalho.<\/p>\n<p>&nbsp;<\/p>\n<h3 class=\"font_8 wixui-rich-text__text\"><strong>PROSSEGUIMENTO DE ESTUDOS<\/strong><\/h3>\n<p>&nbsp;<\/p>\n<p class=\"font_8 wixui-rich-text__text\">Os adultos que concluam o ensino b\u00e1sico ou secund\u00e1rio atrav\u00e9s de cursos EFA e que pretendam prosseguir estudos est\u00e3o sujeitos aos respetivos requisitos de acesso das diferentes modalidades de forma\u00e7\u00e3o.<\/p>\n<p class=\"font_8 wixui-rich-text__text\">A certifica\u00e7\u00e3o escolar resultante de um curso EFA de n\u00edvel b\u00e1sico permite o prosseguimento de estudos atrav\u00e9s de um curso EFA de n\u00edvel secund\u00e1rio ou o ingresso num processo de Reconhecimento, Valida\u00e7\u00e3o e Certifica\u00e7\u00e3o de Compet\u00eancias (RVCC) com vista \u00e0 obten\u00e7\u00e3o de uma qualifica\u00e7\u00e3o de n\u00edvel secund\u00e1rio.<\/p>\n<p class=\"font_8 wixui-rich-text__text\">A certifica\u00e7\u00e3o escolar resultante de um Curso EFA de n\u00edvel secund\u00e1rio permite o prosseguimento de estudos atrav\u00e9s de um Curso de Especializa\u00e7\u00e3o Tecnol\u00f3gica ou de um curso de n\u00edvel superior, mediante as delibera\u00e7\u00f5es definidas pela Comiss\u00e3o Nacional de Acesso ao Ensino Superior, ou nos termos do Decreto-Lei n.\u00ba 113\/2014, de 16 de julho, que altera o Decreto-Lei n\u00ba 64\/2006, de 21 de mar\u00e7o, que define o acesso ao ensino superior por maiores de 23 anos.<\/p>\n","protected":false},"excerpt":{"rendered":"<p>Cursos de Forma\u00e7\u00e3o e Educa\u00e7\u00e3o de Adultos &nbsp; Os cursos de Educa\u00e7\u00e3o e Forma\u00e7\u00e3o de Adultos (EFA) s\u00e3o uma oferta de educa\u00e7\u00e3o e forma\u00e7\u00e3o para adultos que pretendam elevar as suas qualifica\u00e7\u00f5es. Um curso EFA Escolar permite completar o 1.\u00ba, 2.\u00ba ou 3.\u00ba ciclos do ensino b\u00e1sico ou o ensino secund\u00e1rio. Um curso EFA de [&hellip;]<\/p>\n","protected":false},"author":1,"featured_media":0,"parent":0,"menu_order":0,"comment_status":"closed","ping_status":"closed","template":"","meta":{"footnotes":""},"class_list":["post-2","page","type-page","status-publish","hentry"],"_links":{"self":[{"href":"https:\/\/aefcastro.net\/centroqualifica\/index.php\/wp-json\/wp\/v2\/pages\/2","targetHints":{"allow":["GET"]}}],"collection":[{"href":"https:\/\/aefcastro.net\/centroqualifica\/index.php\/wp-json\/wp\/v2\/pages"}],"about":[{"href":"https:\/\/aefcastro.net\/centroqualifica\/index.php\/wp-json\/wp\/v2\/types\/page"}],"author":[{"embeddable":true,"href":"https:\/\/aefcastro.net\/centroqualifica\/index.php\/wp-json\/wp\/v2\/users\/1"}],"replies":[{"embeddable":true,"href":"https:\/\/aefcastro.net\/centroqualifica\/index.php\/wp-json\/wp\/v2\/comments?post=2"}],"version-history":[{"count":6,"href":"https:\/\/aefcastro.net\/centroqualifica\/index.php\/wp-json\/wp\/v2\/pages\/2\/revisions"}],"predecessor-version":[{"id":104,"href":"https:\/\/aefcastro.net\/centroqualifica\/index.php\/wp-json\/wp\/v2\/pages\/2\/revisions\/104"}],"wp:attachment":[{"href":"https:\/\/aefcastro.net\/centroqualifica\/index.php\/wp-json\/wp\/v2\/media?parent=2"}],"curies":[{"name":"wp","href":"https:\/\/api.w.org\/{rel}","templated":true}]}}