{"id":88,"date":"2023-04-27T14:18:48","date_gmt":"2023-04-27T14:18:48","guid":{"rendered":"https:\/\/aefcastro.net\/centroqualifica\/?page_id=88"},"modified":"2023-05-18T11:54:34","modified_gmt":"2023-05-18T11:54:34","slug":"processo-rvcc","status":"publish","type":"page","link":"https:\/\/aefcastro.net\/centroqualifica\/index.php\/processo-rvcc\/","title":{"rendered":"Processo RVCC"},"content":{"rendered":"<h3 class=\"font_8 wixui-rich-text__text\"><strong><span class=\"wixui-rich-text__text\">Processo RVCC (Reconhecimento, Valida\u00e7\u00e3o e Certifica\u00e7\u00e3o de Compet\u00eancias)<\/span><\/strong><\/h3>\n<p class=\"font_8 wixui-rich-text__text\">O reconhecimento, valida\u00e7\u00e3o e certifica\u00e7\u00e3o de compet\u00eancias (RVCC) consiste<br \/>\nno processo atrav\u00e9s do qual o adulto demonstra compet\u00eancias adquiridas e desenvolvidas<br \/>\nao longo da vida por vias formais, n\u00e3o-formais e informais, que s\u00e3o pass\u00edveis de valida\u00e7\u00e3o e<br \/>\ncertifica\u00e7\u00e3o para efeitos de obten\u00e7\u00e3o de uma qualifica\u00e7\u00e3o (Portaria n.\u00ba 61\/2022, de 31 de<br \/>\njaneiro &#8211; vers\u00e3o consolidada).<\/p>\n<h3 class=\"font_8 wixui-rich-text__text\"><strong>Para quem?<\/strong><\/h3>\n<p class=\"font_8 wixui-rich-text__text\">O reconhecimento, valida\u00e7\u00e3o e certifica\u00e7\u00e3o de compet\u00eancias destina-se a adultos com idade<br \/>\nigual ou superior a 18 anos, sem a qualifica\u00e7\u00e3o adequada para efeitos de inser\u00e7\u00e3o ou<br \/>\nprogress\u00e3o no mercado de trabalho e prioritariamente, sem a conclus\u00e3o do ensino b\u00e1sico ou<br \/>\ndo ensino secund\u00e1rio, sendo particularmente indicada para adultos com percursos de<br \/>\nqualifica\u00e7\u00e3o incompletos. Os adultos com idade at\u00e9 aos 23 anos, inclusive, devem ser<br \/>\ndetentores de, pelo menos, tr\u00eas anos de experi\u00eancia profissional.<\/p>\n<h3 class=\"font_8 wixui-rich-text__text\"><strong>Qual a certifica\u00e7\u00e3o?<\/strong><\/h3>\n<p class=\"font_8 wixui-rich-text__text\">A conclus\u00e3o de um processo de reconhecimento, valida\u00e7\u00e3o e certifica\u00e7\u00e3o de compet\u00eancias<br \/>\npermite a obten\u00e7\u00e3o de uma certifica\u00e7\u00e3o escolar de n\u00edvel b\u00e1sico (4.\u00ba, 6.\u00ba ou 9.\u00ba ano) ou de<br \/>\nn\u00edvel secund\u00e1rio (12.\u00ba ano), de uma certifica\u00e7\u00e3o profissional ou de ambas, designando-se<br \/>\nnestes casos de dupla certifica\u00e7\u00e3o e confere o n\u00edvel 1, 2, 3, 4 ou 5 de qualifica\u00e7\u00e3o do Quadro<br \/>\nNacional de Qualifica\u00e7\u00f5es \u2013 Portaria n.\u00ba 782\/2009, 23 de julho.<\/p>\n<h3 class=\"font_8 wixui-rich-text__text\"><strong>Onde?<\/strong><\/h3>\n<p class=\"font_8 wixui-rich-text__text\">O reconhecimento, valida\u00e7\u00e3o e certifica\u00e7\u00e3o de compet\u00eancias \u00e9 desenvolvido nos Centros<br \/>\nQualifica, centros especializados em qualifica\u00e7\u00e3o de adultos.<\/p>\n","protected":false},"excerpt":{"rendered":"<p>Processo RVCC (Reconhecimento, Valida\u00e7\u00e3o e Certifica\u00e7\u00e3o de Compet\u00eancias) O reconhecimento, valida\u00e7\u00e3o e certifica\u00e7\u00e3o de compet\u00eancias (RVCC) consiste no processo atrav\u00e9s do qual o adulto demonstra compet\u00eancias adquiridas e desenvolvidas ao longo da vida por vias formais, n\u00e3o-formais e informais, que s\u00e3o pass\u00edveis de valida\u00e7\u00e3o e certifica\u00e7\u00e3o para efeitos de obten\u00e7\u00e3o de uma qualifica\u00e7\u00e3o (Portaria n.\u00ba [&hellip;]<\/p>\n","protected":false},"author":1,"featured_media":0,"parent":0,"menu_order":0,"comment_status":"closed","ping_status":"closed","template":"","meta":{"footnotes":""},"class_list":["post-88","page","type-page","status-publish","hentry"],"_links":{"self":[{"href":"https:\/\/aefcastro.net\/centroqualifica\/index.php\/wp-json\/wp\/v2\/pages\/88","targetHints":{"allow":["GET"]}}],"collection":[{"href":"https:\/\/aefcastro.net\/centroqualifica\/index.php\/wp-json\/wp\/v2\/pages"}],"about":[{"href":"https:\/\/aefcastro.net\/centroqualifica\/index.php\/wp-json\/wp\/v2\/types\/page"}],"author":[{"embeddable":true,"href":"https:\/\/aefcastro.net\/centroqualifica\/index.php\/wp-json\/wp\/v2\/users\/1"}],"replies":[{"embeddable":true,"href":"https:\/\/aefcastro.net\/centroqualifica\/index.php\/wp-json\/wp\/v2\/comments?post=88"}],"version-history":[{"count":7,"href":"https:\/\/aefcastro.net\/centroqualifica\/index.php\/wp-json\/wp\/v2\/pages\/88\/revisions"}],"predecessor-version":[{"id":167,"href":"https:\/\/aefcastro.net\/centroqualifica\/index.php\/wp-json\/wp\/v2\/pages\/88\/revisions\/167"}],"wp:attachment":[{"href":"https:\/\/aefcastro.net\/centroqualifica\/index.php\/wp-json\/wp\/v2\/media?parent=88"}],"curies":[{"name":"wp","href":"https:\/\/api.w.org\/{rel}","templated":true}]}}