{"id":2517,"date":"2024-07-30T14:51:53","date_gmt":"2024-07-30T14:51:53","guid":{"rendered":"https:\/\/aefcastro.net\/ensinoprofissional\/?page_id=2517"},"modified":"2024-09-05T22:03:51","modified_gmt":"2024-09-05T22:03:51","slug":"2020-2021","status":"publish","type":"page","link":"https:\/\/aefcastro.net\/ensinoprofissional\/index.php\/2020-2021\/","title":{"rendered":"#EQAVET 2020-2021"},"content":{"rendered":"\n<ul class=\"wp-block-list\">\n<li><strong><a href=\"https:\/\/www.aefcastro.net\/portal\/images\/AEFCastro\/2020_2021\/Documentos\/Eqavet\/Cronograma_EQAVET_15_10_20_F_2.pdf\">CRONOGRAMA DO ALINHAMENTO DO PA<\/a><\/strong><\/li>\n\n\n\n<li><strong><a href=\"https:\/\/www.aefcastro.net\/portal\/images\/AEFCastro\/2020_2021\/Documentos\/Eqavet\/PAM_3_11_20.pdf\">PLANO DE A\u00c7\u00d5ES DE MELHORIA<\/a><\/strong><\/li>\n\n\n\n<li><strong>DIVULGA\u00c7\u00c3O<\/strong>\n<ul class=\"wp-block-list\">\n<li><strong><a href=\"https:\/\/www.aefcastro.net\/portal\/images\/AEFCastro\/2020_2021\/Documentos\/Eqavet\/Divulg_DOCENTES_CP_21_10_20.pdf\">PESSOAL DOCENTE<\/a><\/strong>\n<ul class=\"wp-block-list\">\n<li><strong><a href=\"https:\/\/www.aefcastro.net\/portal\/images\/AEFCastro\/2020_2021\/Documentos\/Eqavet\/R_DOCENTES_MPAM_1P.pdf\">MONITORIZA\u00c7\u00c3O EQAVET (PAM &#8211; 1\u00ba PER\u00cdODO)<\/a><\/strong><\/li>\n<\/ul>\n<\/li>\n\n\n\n<li><strong><a href=\"https:\/\/www.aefcastro.net\/portal\/images\/AEFCastro\/2020_2021\/Documentos\/Eqavet\/Divulg_Alunos_11_20.pdf\">ALUNOS EP<\/a><\/strong><\/li>\n\n\n\n<li><strong><a href=\"https:\/\/www.aefcastro.net\/portal\/images\/AEFCastro\/2020_2021\/Documentos\/Eqavet\/Divulg_PARCEIROS_CP_05_11_20.jpg\">ENTIDADES PARCEIRAS \/ EXTERNAS<\/a><\/strong><\/li>\n<\/ul>\n<\/li>\n\n\n\n<li><strong>QUESTION\u00c1RIOS<\/strong>\n<ul class=\"wp-block-list\">\n<li><strong><a href=\"https:\/\/www.aefcastro.net\/portal\/images\/AEFCastro\/2020_2021\/Documentos\/Eqavet\/Q1___Question%C3%A1rio_de_Avalia%C3%A7%C3%A3o_da_Forma%C3%A7%C3%A3o_v2.pdf\">Q1 &#8211; QUESTION\u00c1RIO DE AVALIA\u00c7\u00c3O DA FORMA\u00c7\u00c3O<\/a><\/strong><\/li>\n\n\n\n<li><strong><a href=\"https:\/\/www.aefcastro.net\/portal\/images\/AEFCastro\/2020_2021\/Documentos\/Eqavet\/Q2__Question%C3%A1rio_alunos_de_risco_A3_1P.pdf\">Q2 &#8211; QUESTION\u00c1RIO ALUNOS DE RISCO<\/a><\/strong><\/li>\n\n\n\n<li><strong><a href=\"https:\/\/www.aefcastro.net\/portal\/images\/AEFCastro\/2020_2021\/Documentos\/Eqavet\/Q3_-_Question%C3%A1rio_AECOA_1P.pdf\">Q3 &#8211; QUESTION\u00c1RIO ENTIDADES EXTERNAS<\/a><\/strong><\/li>\n\n\n\n<li><strong><a href=\"https:\/\/www.aefcastro.net\/portal\/images\/AEFCastro\/2020_2021\/Documentos\/Eqavet\/Q4_-_Question%C3%A1rio_Diretor_de_Turma_A_1P.pdf\">Q4 &#8211; QUESTION\u00c1RIO DIRETORES DE TURMA<\/a>&nbsp;&nbsp;(RI_A)<\/strong><\/li>\n\n\n\n<li><strong><a href=\"https:\/\/www.aefcastro.net\/portal\/images\/AEFCastro\/2020_2021\/Documentos\/Eqavet\/Q5_-_Question%C3%A1rio_Diretor_de_Curso_A_1P.pdf\">Q5 &#8211; QUESTION\u00c1RIO DIRETORES DE CURSO<\/a>&nbsp;&nbsp;(RI_A)<\/strong><\/li>\n\n\n\n<li><strong><a href=\"https:\/\/www.aefcastro.net\/portal\/images\/AEFCastro\/2020_2021\/Documentos\/Eqavet\/Q6__Question%C3%A1rio_expetativas_dos_alunos_face_ao_Curso_DC_fev_21.pdf\">Q6 &#8211; QUESTION\u00c1RIO EXPECTATIVAS ALUNOS (DC_A)<\/a><\/strong><\/li>\n\n\n\n<li><strong><a href=\"https:\/\/www.aefcastro.net\/portal\/images\/AEFCastro\/2020_2021\/Erasmus2021\/Q7___Alunos_em_prepara%C3%A7%C3%A3o_para_os_exames_nacionais.pdf\">Q7 &#8211; QUESTION\u00c1RIO PREPARA\u00c7\u00c3O PARA OS EXAMES NACIONAIS<\/a><\/strong><\/li>\n\n\n\n<li><strong><a href=\"https:\/\/www.aefcastro.net\/portal\/images\/AEFCastro\/2020_2021\/Documentos\/Eqavet\/Q8_Question%C3%A1rio_Entidades_Parceiras_FCT_3P.pdf\">Q8 &#8211; QUESTION\u00c1RIO ENTIDADES PARCEIRAS FCT<\/a><\/strong><\/li>\n\n\n\n<li><strong><a href=\"https:\/\/www.aefcastro.net\/portal\/images\/AEFCastro\/2020_2021\/Documentos\/Eqavet\/Q9_Avalia%C3%A7%C3%A3o_Forma%C3%A7%C3%A3o_alunos_fim_curso_3P.pdf\">Q9&nbsp;&#8211; QUESTION\u00c1RIO DE AVALIA\u00c7\u00c3O DA FORMA\u00c7\u00c3O&nbsp;&#8211; 3\u00aa ano<\/a><\/strong><\/li>\n\n\n\n<li><strong><a href=\"https:\/\/www.aefcastro.net\/portal\/images\/AEFCastro\/2020_2021\/Documentos\/Eqavet\/Q10__Question%C3%A1rio_Acompanha_alunos_fim_curso_3P.pdf\">Q10 &#8211; QUESTION\u00c1RIO ACOMPANHAMENTO FUTURO (3\u00ba ano)<\/a><\/strong><\/li>\n\n\n\n<li><strong><a href=\"https:\/\/www.aefcastro.net\/portal\/images\/AEFCastro\/2020_2021\/Documentos\/Eqavet\/Q11_Question%C3%A1rio_EE_3P.pdf\">Q11 &#8211; QUESTION\u00c1RIO EE &#8211; 3P<\/a><\/strong><\/li>\n<\/ul>\n<\/li>\n\n\n\n<li><strong>RELAT\u00d3RIOS<\/strong>\n<ul class=\"wp-block-list\">\n<li><strong><a href=\"https:\/\/www.aefcastro.net\/portal\/images\/AEFCastro\/2020_2021\/Documentos\/Eqavet\/RELATORIO_1P_EQAVET_20_21.pdf\">1\u00ba PER\u00cdODO<\/a><\/strong>\n<ul class=\"wp-block-list\">\n<li><strong><a href=\"https:\/\/www.aefcastro.net\/portal\/images\/AEFCastro\/2020_2021\/Documentos\/Eqavet\/EQAVET_monitoriz_1Periodo_2020_2021.pdf\">RELAT\u00d3RIO MONITORIZA\u00c7\u00c3O<\/a><\/strong><\/li>\n\n\n\n<li><strong><a href=\"https:\/\/www.aefcastro.net\/portal\/images\/AEFCastro\/2020_2021\/Documentos\/Eqavet\/RELATORIO_1P_EQAVET_20_21.pdf\">RELAT\u00d3RIO COORDENA\u00c7\u00c3O<\/a><\/strong><\/li>\n<\/ul>\n<\/li>\n\n\n\n<li><strong><a href=\"https:\/\/www.aefcastro.net\/portal\/images\/AEFCastro\/2020_2021\/Documentos\/Eqavet\/EQAVET_monitoriz_1Periodo_2020_2021.pdf\">2\u00ba PER\u00cdODO<\/a><\/strong>\n<ul class=\"wp-block-list\">\n<li><strong><a href=\"https:\/\/www.aefcastro.net\/portal\/images\/AEFCastro\/2020_2021\/Documentos\/Eqavet\/EQAVET_monitoriz_2Periodo_2020_2021_1.pdf\">RELAT\u00d3RIO MONITORIZA\u00c7\u00c3O<\/a><\/strong><\/li>\n\n\n\n<li><strong><a href=\"https:\/\/www.aefcastro.net\/portal\/images\/AEFCastro\/2020_2021\/Documentos\/Eqavet\/RELATORIO_2P_EQAVET_20_21_1.pdf\">RELAT\u00d3RIO COORDENA\u00c7\u00c3O<\/a><\/strong><\/li>\n<\/ul>\n<\/li>\n\n\n\n<li><strong>3\u00ba PER\u00cdODO<\/strong>\n<ul class=\"wp-block-list\">\n<li><strong><a href=\"https:\/\/www.aefcastro.net\/portal\/images\/AEFCastro\/2019_2020\/Documentos\/Equavet\/EQAVET_monitoriz_3Periodo_2020_2021.pdf\" target=\"_blank\" rel=\"noreferrer noopener\">RELAT\u00d3RIO MONITORIZA\u00c7\u00c3O<\/a><\/strong><\/li>\n\n\n\n<li><strong><a href=\"https:\/\/www.aefcastro.net\/portal\/images\/AEFCastro\/2019_2020\/Documentos\/Equavet\/RELATORIO_3P_EQAVET_20_21.pdf\" target=\"_blank\" rel=\"noreferrer noopener\">RELAT\u00d3RIO COORDENA\u00c7\u00c3O<\/a><\/strong><\/li>\n<\/ul>\n<\/li>\n<\/ul>\n<\/li>\n<\/ul>\n\n\n\n<hr class=\"wp-block-separator has-alpha-channel-opacity\"\/>\n\n\n\n<ul class=\"wp-block-list\">\n<li><strong>OUTROS DOCUMENTOS<\/strong>\n<ul class=\"wp-block-list\">\n<li><strong><a href=\"https:\/\/www.aefcastro.net\/portal\/images\/AEFCastro\/2020_2021\/Documentos\/Eqavet\/Regimento_EQAVET_2020_21.pdf\">REGIMENTO EE<\/a><\/strong><\/li>\n\n\n\n<li><a href=\"https:\/\/www.aefcastro.net\/portal\/images\/AEFCastro\/2020_2021\/Documentos\/Eqavet\/An%C3%A1lise_avalia%C3%A7%C3%A3o_1P_Prof_2020_21_signed.pdf\">1\u00ba PER\u00cdODO &#8211; AN\u00c1LISE RA<\/a><\/li>\n\n\n\n<li><a href=\"https:\/\/www.aefcastro.net\/portal\/images\/AEFCastro\/2020_2021\/Documentos\/Eqavet\/PLANIFICACAO_DAC_PROJETOS_2020_2021_PROF_1_signed.pdf\">1\u00ba PER\u00cdODO &#8211; DAC<\/a><\/li>\n\n\n\n<li><a href=\"https:\/\/www.aefcastro.net\/portal\/images\/AEFCastro\/2020_2021\/Documentos\/Eqavet\/An%C3%A1lise_avalia%C3%A7%C3%A3o_2P_Prof_2020_21_signed.pdf\">2\u00ba PER\u00cdODO &#8211; AN\u00c1LISE RA&nbsp;<\/a><\/li>\n\n\n\n<li><a href=\"https:\/\/www.aefcastro.net\/portal\/images\/AEFCastro\/2020_2021\/Documentos\/Eqavet\/Documento_entidades_protocoladas_EFP_20_21.pdf\">ENTIDADES PROTOCOLADAS EFP<\/a><\/li>\n\n\n\n<li><a href=\"https:\/\/www.aefcastro.net\/portal\/images\/AEFCastro\/2020_2021\/Documentos\/Eqavet\/Documento_atividades_EFP_20_21.pdf\">ATIVIDADES CURSOS DO EFP<\/a><\/li>\n\n\n\n<li><a href=\"https:\/\/www.aefcastro.net\/portal\/images\/AEFCastro\/2020_2021\/Documentos\/Eqavet\/RELATORIO_Q6_Satisfacao_alunosEFP_20_21.pdf\">AN\u00c1LISE Q6 (2P)<\/a><\/li>\n\n\n\n<li><a href=\"https:\/\/www.aefcastro.net\/portal\/images\/AEFCastro\/2019_2020\/Documentos\/Equavet\/RELATORIO_Q8_EntidadesParceiras_FCT_20_21.pdf\">AN\u00c1LISE Q8 (3P)<\/a><\/li>\n\n\n\n<li><a href=\"https:\/\/www.aefcastro.net\/portal\/images\/AEFCastro\/2020_2021\/Documentos\/Eqavet\/RELATORIO_Satisfacao_alunos_Q93ano_20_21.pdf\">AN\u00c1LISE Q9 (3P)<\/a><\/li>\n\n\n\n<li><a href=\"https:\/\/www.aefcastro.net\/portal\/images\/AEFCastro\/2019_2020\/Documentos\/Equavet\/RELATORIO_Q11_QuestionarioSatisfac_EE_20_21.pdf\">AN\u00c1LISE Q11 (3P)<\/a><\/li>\n\n\n\n<li><a href=\"https:\/\/www.aefcastro.net\/portal\/images\/An%C3%A1lise_avalia%C3%A7%C3%A3o_3P_Prof_2020_21_signed.pdf\">AN\u00c1LISE DOS RESULTADOS DA AVALIA\u00c7\u00c3O&nbsp;(3\u00baP)<\/a><\/li>\n<\/ul>\n<\/li>\n<\/ul>\n","protected":false},"excerpt":{"rendered":"","protected":false},"author":1,"featured_media":0,"parent":0,"menu_order":0,"comment_status":"closed","ping_status":"closed","template":"","meta":{"footnotes":""},"class_list":["post-2517","page","type-page","status-publish","hentry"],"yoast_head":"<!-- This site is optimized with the Yoast SEO plugin v27.4 - https:\/\/yoast.com\/product\/yoast-seo-wordpress\/ -->\n<title>#EQAVET 2020-2021 - Ensino Profissional<\/title>\n<meta name=\"robots\" content=\"index, follow, max-snippet:-1, max-image-preview:large, max-video-preview:-1\" \/>\n<link rel=\"canonical\" href=\"https:\/\/aefcastro.net\/ensinoprofissional\/index.php\/2020-2021\/\" \/>\n<meta property=\"og:locale\" content=\"pt_PT\" \/>\n<meta property=\"og:type\" content=\"article\" \/>\n<meta property=\"og:title\" content=\"#EQAVET 2020-2021 - Ensino Profissional\" \/>\n<meta property=\"og:url\" content=\"https:\/\/aefcastro.net\/ensinoprofissional\/index.php\/2020-2021\/\" \/>\n<meta property=\"og:site_name\" content=\"Ensino Profissional\" \/>\n<meta property=\"article:publisher\" content=\"https:\/\/www.facebook.com\/AgrupamentodeEscolasFerreiraCastroOAZ\" \/>\n<meta property=\"article:modified_time\" content=\"2024-09-05T22:03:51+00:00\" \/>\n<meta name=\"twitter:card\" content=\"summary_large_image\" \/>\n<meta name=\"twitter:label1\" content=\"Tempo estimado de leitura\" \/>\n\t<meta name=\"twitter:data1\" content=\"1 minuto\" \/>\n<script type=\"application\/ld+json\" class=\"yoast-schema-graph\">{\"@context\":\"https:\\\/\\\/schema.org\",\"@graph\":[{\"@type\":\"WebPage\",\"@id\":\"https:\\\/\\\/aefcastro.net\\\/ensinoprofissional\\\/index.php\\\/2020-2021\\\/\",\"url\":\"https:\\\/\\\/aefcastro.net\\\/ensinoprofissional\\\/index.php\\\/2020-2021\\\/\",\"name\":\"#EQAVET 2020-2021 - Ensino Profissional\",\"isPartOf\":{\"@id\":\"https:\\\/\\\/aefcastro.net\\\/ensinoprofissional\\\/#website\"},\"datePublished\":\"2024-07-30T14:51:53+00:00\",\"dateModified\":\"2024-09-05T22:03:51+00:00\",\"breadcrumb\":{\"@id\":\"https:\\\/\\\/aefcastro.net\\\/ensinoprofissional\\\/index.php\\\/2020-2021\\\/#breadcrumb\"},\"inLanguage\":\"pt-PT\",\"potentialAction\":[{\"@type\":\"ReadAction\",\"target\":[\"https:\\\/\\\/aefcastro.net\\\/ensinoprofissional\\\/index.php\\\/2020-2021\\\/\"]}]},{\"@type\":\"BreadcrumbList\",\"@id\":\"https:\\\/\\\/aefcastro.net\\\/ensinoprofissional\\\/index.php\\\/2020-2021\\\/#breadcrumb\",\"itemListElement\":[{\"@type\":\"ListItem\",\"position\":1,\"name\":\"In\u00edcio\",\"item\":\"https:\\\/\\\/aefcastro.net\\\/ensinoprofissional\\\/\"},{\"@type\":\"ListItem\",\"position\":2,\"name\":\"#EQAVET 2020-2021\"}]},{\"@type\":\"WebSite\",\"@id\":\"https:\\\/\\\/aefcastro.net\\\/ensinoprofissional\\\/#website\",\"url\":\"https:\\\/\\\/aefcastro.net\\\/ensinoprofissional\\\/\",\"name\":\"Ensino Profissional\",\"description\":\"Centro Tecnol\u00f3gico Especializado | Inform\u00e1tica\",\"publisher\":{\"@id\":\"https:\\\/\\\/aefcastro.net\\\/ensinoprofissional\\\/#organization\"},\"potentialAction\":[{\"@type\":\"SearchAction\",\"target\":{\"@type\":\"EntryPoint\",\"urlTemplate\":\"https:\\\/\\\/aefcastro.net\\\/ensinoprofissional\\\/?s={search_term_string}\"},\"query-input\":{\"@type\":\"PropertyValueSpecification\",\"valueRequired\":true,\"valueName\":\"search_term_string\"}}],\"inLanguage\":\"pt-PT\"},{\"@type\":\"Organization\",\"@id\":\"https:\\\/\\\/aefcastro.net\\\/ensinoprofissional\\\/#organization\",\"name\":\"Ensino Profissional\",\"url\":\"https:\\\/\\\/aefcastro.net\\\/ensinoprofissional\\\/\",\"logo\":{\"@type\":\"ImageObject\",\"inLanguage\":\"pt-PT\",\"@id\":\"https:\\\/\\\/aefcastro.net\\\/ensinoprofissional\\\/#\\\/schema\\\/logo\\\/image\\\/\",\"url\":\"https:\\\/\\\/aefcastro.net\\\/ensinoprofissional\\\/wp-content\\\/uploads\\\/2024\\\/07\\\/cropped-logoAEFCastro-1.png\",\"contentUrl\":\"https:\\\/\\\/aefcastro.net\\\/ensinoprofissional\\\/wp-content\\\/uploads\\\/2024\\\/07\\\/cropped-logoAEFCastro-1.png\",\"width\":512,\"height\":512,\"caption\":\"Ensino Profissional\"},\"image\":{\"@id\":\"https:\\\/\\\/aefcastro.net\\\/ensinoprofissional\\\/#\\\/schema\\\/logo\\\/image\\\/\"},\"sameAs\":[\"https:\\\/\\\/www.facebook.com\\\/AgrupamentodeEscolasFerreiraCastroOAZ\"]}]}<\/script>\n<!-- \/ Yoast SEO plugin. -->","yoast_head_json":{"title":"#EQAVET 2020-2021 - Ensino Profissional","robots":{"index":"index","follow":"follow","max-snippet":"max-snippet:-1","max-image-preview":"max-image-preview:large","max-video-preview":"max-video-preview:-1"},"canonical":"https:\/\/aefcastro.net\/ensinoprofissional\/index.php\/2020-2021\/","og_locale":"pt_PT","og_type":"article","og_title":"#EQAVET 2020-2021 - Ensino Profissional","og_url":"https:\/\/aefcastro.net\/ensinoprofissional\/index.php\/2020-2021\/","og_site_name":"Ensino Profissional","article_publisher":"https:\/\/www.facebook.com\/AgrupamentodeEscolasFerreiraCastroOAZ","article_modified_time":"2024-09-05T22:03:51+00:00","twitter_card":"summary_large_image","twitter_misc":{"Tempo estimado de leitura":"1 minuto"},"schema":{"@context":"https:\/\/schema.org","@graph":[{"@type":"WebPage","@id":"https:\/\/aefcastro.net\/ensinoprofissional\/index.php\/2020-2021\/","url":"https:\/\/aefcastro.net\/ensinoprofissional\/index.php\/2020-2021\/","name":"#EQAVET 2020-2021 - Ensino Profissional","isPartOf":{"@id":"https:\/\/aefcastro.net\/ensinoprofissional\/#website"},"datePublished":"2024-07-30T14:51:53+00:00","dateModified":"2024-09-05T22:03:51+00:00","breadcrumb":{"@id":"https:\/\/aefcastro.net\/ensinoprofissional\/index.php\/2020-2021\/#breadcrumb"},"inLanguage":"pt-PT","potentialAction":[{"@type":"ReadAction","target":["https:\/\/aefcastro.net\/ensinoprofissional\/index.php\/2020-2021\/"]}]},{"@type":"BreadcrumbList","@id":"https:\/\/aefcastro.net\/ensinoprofissional\/index.php\/2020-2021\/#breadcrumb","itemListElement":[{"@type":"ListItem","position":1,"name":"In\u00edcio","item":"https:\/\/aefcastro.net\/ensinoprofissional\/"},{"@type":"ListItem","position":2,"name":"#EQAVET 2020-2021"}]},{"@type":"WebSite","@id":"https:\/\/aefcastro.net\/ensinoprofissional\/#website","url":"https:\/\/aefcastro.net\/ensinoprofissional\/","name":"Ensino Profissional","description":"Centro Tecnol\u00f3gico Especializado | Inform\u00e1tica","publisher":{"@id":"https:\/\/aefcastro.net\/ensinoprofissional\/#organization"},"potentialAction":[{"@type":"SearchAction","target":{"@type":"EntryPoint","urlTemplate":"https:\/\/aefcastro.net\/ensinoprofissional\/?s={search_term_string}"},"query-input":{"@type":"PropertyValueSpecification","valueRequired":true,"valueName":"search_term_string"}}],"inLanguage":"pt-PT"},{"@type":"Organization","@id":"https:\/\/aefcastro.net\/ensinoprofissional\/#organization","name":"Ensino Profissional","url":"https:\/\/aefcastro.net\/ensinoprofissional\/","logo":{"@type":"ImageObject","inLanguage":"pt-PT","@id":"https:\/\/aefcastro.net\/ensinoprofissional\/#\/schema\/logo\/image\/","url":"https:\/\/aefcastro.net\/ensinoprofissional\/wp-content\/uploads\/2024\/07\/cropped-logoAEFCastro-1.png","contentUrl":"https:\/\/aefcastro.net\/ensinoprofissional\/wp-content\/uploads\/2024\/07\/cropped-logoAEFCastro-1.png","width":512,"height":512,"caption":"Ensino Profissional"},"image":{"@id":"https:\/\/aefcastro.net\/ensinoprofissional\/#\/schema\/logo\/image\/"},"sameAs":["https:\/\/www.facebook.com\/AgrupamentodeEscolasFerreiraCastroOAZ"]}]}},"_links":{"self":[{"href":"https:\/\/aefcastro.net\/ensinoprofissional\/index.php\/wp-json\/wp\/v2\/pages\/2517","targetHints":{"allow":["GET"]}}],"collection":[{"href":"https:\/\/aefcastro.net\/ensinoprofissional\/index.php\/wp-json\/wp\/v2\/pages"}],"about":[{"href":"https:\/\/aefcastro.net\/ensinoprofissional\/index.php\/wp-json\/wp\/v2\/types\/page"}],"author":[{"embeddable":true,"href":"https:\/\/aefcastro.net\/ensinoprofissional\/index.php\/wp-json\/wp\/v2\/users\/1"}],"replies":[{"embeddable":true,"href":"https:\/\/aefcastro.net\/ensinoprofissional\/index.php\/wp-json\/wp\/v2\/comments?post=2517"}],"version-history":[{"count":3,"href":"https:\/\/aefcastro.net\/ensinoprofissional\/index.php\/wp-json\/wp\/v2\/pages\/2517\/revisions"}],"predecessor-version":[{"id":2651,"href":"https:\/\/aefcastro.net\/ensinoprofissional\/index.php\/wp-json\/wp\/v2\/pages\/2517\/revisions\/2651"}],"wp:attachment":[{"href":"https:\/\/aefcastro.net\/ensinoprofissional\/index.php\/wp-json\/wp\/v2\/media?parent=2517"}],"curies":[{"name":"wp","href":"https:\/\/api.w.org\/{rel}","templated":true}]}}