{"id":2519,"date":"2024-07-30T14:52:34","date_gmt":"2024-07-30T14:52:34","guid":{"rendered":"https:\/\/aefcastro.net\/ensinoprofissional\/?page_id=2519"},"modified":"2024-08-02T10:04:57","modified_gmt":"2024-08-02T10:04:57","slug":"2022-2023","status":"publish","type":"page","link":"https:\/\/aefcastro.net\/ensinoprofissional\/index.php\/2022-2023\/","title":{"rendered":"#EQAVET 2022-2023"},"content":{"rendered":"\n<p><strong>Regimentos<\/strong><\/p>\n\n\n\n<ul class=\"wp-block-list\">\n<li>Regimento Eqavet\u00a0-> [<strong><a href=\"https:\/\/www.aefcastro.net\/_portal\/images\/RegimentoEQAVET_2022_2023.pdf\" target=\"_blank\" rel=\"noreferrer noopener\">AQUI<\/a>]<\/strong><\/li>\n\n\n\n<li>Regimento Observat\u00f3rio-> [<strong><a href=\"https:\/\/www.aefcastro.net\/_portal\/images\/RegimentoObservat%C3%B3rioQualidade2022_2023.pdf\" target=\"_blank\" rel=\"noreferrer noopener\">AQUI<\/a>]<\/strong><\/li>\n<\/ul>\n\n\n\n<p><strong>Cronogramas<\/strong><\/p>\n\n\n\n<ul class=\"wp-block-list\">\n<li>Cronograma de alinhamento\u00a0-> [<strong><a href=\"https:\/\/www.aefcastro.net\/_portal\/images\/Cronograma_AlinhamEQAVET_2022_2023.pdf\" target=\"_blank\" rel=\"noreferrer noopener\">AQUI<\/a>]<\/strong><\/li>\n\n\n\n<li>Cronograma 1.\u00ba semestre -> [<strong><a href=\"https:\/\/www.aefcastro.net\/_portal\/images\/Cronog_acoes_EnsinoProfissional_1_semestre_2022_2023.pdf\" target=\"_blank\" rel=\"noreferrer noopener\">AQUI<\/a>]<\/strong><\/li>\n\n\n\n<li>Cronograma 2.\u00ba semestre -> [<strong><a href=\"https:\/\/www.aefcastro.net\/_portal\/images\/Cronog_acoes_EnsinoProfissional_2_semestre_2022_2023.pdf\" target=\"_blank\" rel=\"noreferrer noopener\">AQUI<\/a>]<br><\/strong><\/li>\n<\/ul>\n\n\n\n<p><strong>PAM (Plano de A\u00e7\u00e3o de Melhoria)<\/strong>-&gt; [<strong><a href=\"https:\/\/www.aefcastro.net\/_portal\/images\/PAM_2022_2023.pdf\" target=\"_blank\" rel=\"noreferrer noopener\">AQUI<\/a>]<\/strong><\/p>\n\n\n\n<p><strong>Relat\u00f3rios<\/strong>&nbsp;<\/p>\n\n\n\n<ul class=\"wp-block-list\">\n<li>Monitoriza\u00e7\u00e3o 1.\u00ba semestre-> [<strong><a href=\"https:\/\/www.aefcastro.net\/_portal\/images\/EQAVET_Monitoriza%C3%A7%C3%A3o_1%C2%BAsemestre_2022_2023.pdf\" target=\"_blank\" rel=\"noreferrer noopener\">AQUI<\/a>]<\/strong><\/li>\n\n\n\n<li>Monitoriza\u00e7\u00e3o 2.\u00ba semestre-> [<strong><a href=\"https:\/\/www.aefcastro.net\/_portal\/images\/EQAVET_Monitoriza%C3%A7%C3%A3o_2%C2%BAsemestre_2022_2023.pdf\" target=\"_blank\" rel=\"noreferrer noopener\">AQUI<\/a>]<\/strong><\/li>\n\n\n\n<li>Relat\u00f3rio Progresso Anual\u00a0-> [<strong><a href=\"https:\/\/www.aefcastro.net\/_portal\/images\/Anexo_6_Relatorio_de_Progresso_Anual_22_23_Final.pdf\" target=\"_blank\" rel=\"noreferrer noopener\">AQUI<\/a>]<\/strong><\/li>\n\n\n\n<li>Relat\u00f3rio EQAVET-> [<strong><a href=\"https:\/\/www.aefcastro.net\/_portal\/images\/2023_2024\/Relat%C3%B3rio_Coordena%C3%A7%C3%A3o_EQAVET_22_23.pdf\" target=\"_blank\" rel=\"noreferrer noopener\">AQUI<\/a><\/strong>]<\/li>\n\n\n\n<li>Relat\u00f3rio da coordena\u00e7\u00e3o\u00a0-> [<strong><a href=\"https:\/\/www.aefcastro.net\/_portal\/images\/2023_2024\/Rel_Cood_EFP_Avalia%C3%A7%C3%A3o_2Sem_CProf_2022_23.pdf\" target=\"_blank\" rel=\"noreferrer noopener\">AQUI<\/a>]<\/strong><\/li>\n<\/ul>\n\n\n\n<p>&nbsp;<strong>Resultados<\/strong><\/p>\n\n\n\n<ul class=\"wp-block-list\">\n<li>Relat\u00f3rio Indicadores-> [<strong><a href=\"https:\/\/www.aefcastro.net\/_portal\/images\/2023_2024\/Resultados_Indic_2018_2021.pdf\" target=\"_blank\" rel=\"noreferrer noopener\">AQUI<\/a>]<\/strong><\/li>\n<\/ul>\n\n\n\n<p><strong>&nbsp;Question\u00e1rios<\/strong><\/p>\n\n\n\n<ul class=\"wp-block-list\">\n<li>Relat\u00f3rio An\u00e1lise\u00a0 Q6 1sem (DT_DC) -> [<strong><a href=\"https:\/\/drive.google.com\/file\/d\/1oStIegthpRDDEoWMcw6fHVWyrTcWAsiF\/view?usp=sharing\" target=\"_blank\" rel=\"noreferrer noopener\">AQUI<\/a>]<\/strong><\/li>\n\n\n\n<li>Relat\u00f3rio\u00a0An\u00e1lise\u00a0 Q8 Questionario Entidades Parceiras FCT\u00a0-> [<strong><a href=\"https:\/\/drive.google.com\/file\/d\/1Ldau64YtasbqhU_TK2s_CNuNQmjlZPYL\/view?usp=sharing\" target=\"_blank\" rel=\"noreferrer noopener\">AQUI<\/a>]<\/strong><\/li>\n\n\n\n<li>Relat\u00f3rio\u00a0An\u00e1lise\u00a0 A4 Situa\u00e7\u00f5es de Risco 1.\u00baSem -> [<strong><a href=\"https:\/\/drive.google.com\/file\/d\/1g51l3X7JuYgrfFcVgjMaCEWLa2FgOoKl\/view?usp=sharing\" target=\"_blank\" rel=\"noreferrer noopener\">AQUI<\/a>]<\/strong><\/li>\n\n\n\n<li>Relat\u00f3rio\u00a0An\u00e1lise\u00a0 Q11 Grau Satisfa\u00e7\u00e3o Encarregados de Educa\u00e7\u00e3o -> [<strong><a href=\"https:\/\/drive.google.com\/file\/d\/1WwDODf44tERUnMo8pQ9pWYaUCXpBE4br\/view?usp=sharing\" target=\"_blank\" rel=\"noreferrer noopener\">AQUI<\/a>]<\/strong><\/li>\n\n\n\n<li>Relat\u00f3rio An\u00e1lise\u00a0 Q2_Expectativas Alunos do10.\u00ba Ano -> [<strong><a href=\"https:\/\/drive.google.com\/file\/d\/1grafckXcvu3Ah2Hbh3PHiS8v_ddVH5VO\/view?usp=sharing\" target=\"_blank\" rel=\"noreferrer noopener\">AQUI<\/a>]<\/strong><\/li>\n\n\n\n<li>Relat\u00f3rio An\u00e1lise\u00a0 Q13 Grau Satisfa\u00e7\u00e3o Alunos do 12.\u00ba Ano -> [<strong><a href=\"https:\/\/drive.google.com\/file\/d\/1pakQUD0dCKvu7ehr69jkI92A-wRJd43k\/view?usp=sharing\" target=\"_blank\" rel=\"noreferrer noopener\">AQUI<\/a>]<\/strong><\/li>\n\n\n\n<li>Relat\u00f3rio An\u00e1lise\u00a0 Q14 Fim de Curso -> [<strong><a href=\"https:\/\/drive.google.com\/file\/d\/18qDJIzrseYG_Vi7sCnY512M5NzmbEcVW\/view?usp=sharing\" target=\"_blank\" rel=\"noreferrer noopener\">AQUI<\/a>]<\/strong><\/li>\n\n\n\n<li>Relat\u00f3rio An\u00e1lise\u00a0 Q6_2sem (DT_DC) -> [<strong><a href=\"https:\/\/drive.google.com\/file\/d\/1UdUs3WGcYrKXJK-xSIjdlg95ChOY2y6s\/view?usp=sharing\" target=\"_blank\" rel=\"noreferrer noopener\">AQUI<\/a>]<\/strong><\/li>\n\n\n\n<li>Relat\u00f3rio An\u00e1lise\u00a0 Q1 Avalia\u00e7\u00e3o Forma\u00e7\u00e3o 1.\u00ba e 2.\u00ba Semestre-> [<strong><a href=\"https:\/\/drive.google.com\/file\/d\/1c6UOq-nX0nhTcsV9cPIGuZYxReFomLT9\/view?usp=sharing\" target=\"_blank\" rel=\"noreferrer noopener\">AQUI<\/a>]<\/strong><\/li>\n<\/ul>\n\n\n\n<p><strong>A\u00e7\u00f5es Forma\u00e7\u00e3o\/Sensibiliza\u00e7\u00e3o<\/strong><\/p>\n\n\n\n<ul class=\"wp-block-list\">\n<li>Plano de Forma\u00e7\u00e3o -> [<strong><a href=\"https:\/\/www.aefcastro.net\/_portal\/images\/2023_2024\/PLANO_FORMACAO_Agrupamento.pdf\" target=\"_blank\" rel=\"noreferrer noopener\">AQUI<\/a>]<\/strong><\/li>\n\n\n\n<li>\u00c0 conversa Com &#8230;-> [<strong><a href=\"https:\/\/www.aefcastro.net\/_portal\/index.php\/2-uncategorised\/232-acao-eqavet-aconversa-com\">AQUI<\/a>]<\/strong><\/li>\n\n\n\n<li>Forma\u00e7\u00e3o de Pessoal Docente\u00a0-> [<strong><a href=\"https:\/\/www.aefcastro.net\/_portal\/images\/Forma%C3%A7%C3%A3o_PessoalDocente_Qualidade.pdf\" target=\"_blank\" rel=\"noreferrer noopener\">AQUI<\/a>]<\/strong><\/li>\n\n\n\n<li>A\u00e7\u00e3o de sensibiliza\u00e7\u00e3o a docentes\u00a0-> [<strong><a href=\"https:\/\/www.aefcastro.net\/_portal\/images\/1_Semestre_EQAVET_Apres_DT_DC_Docentes_novembro2022.pdf\" target=\"_blank\" rel=\"noreferrer noopener\">AQUI<\/a>]<\/strong><\/li>\n<\/ul>\n\n\n\n<p><strong>Atividades<\/strong><\/p>\n\n\n\n<ul class=\"wp-block-list\">\n<li>Atividades -> [<strong><a href=\"https:\/\/www.aefcastro.net\/_portal\/images\/2023_2024\/Atividades_22_23.docx.pdf\" target=\"_blank\" rel=\"noreferrer noopener\">AQUI<\/a><\/strong>]<\/li>\n\n\n\n<li>Peddy Paper\u00a0Dia do Consumidor\u00a0-> [<strong><a href=\"https:\/\/www.aefcastro.net\/_portal\/index.php\/2-uncategorised\/233-dia-mundial-dos-direitos-do-consumidor\">AQUI<\/a>]<\/strong><\/li>\n\n\n\n<li>Divulga\u00e7\u00e3o ErasmusDays ->\u00a0[<strong><a href=\"https:\/\/www.aefcastro.net\/_portal\/images\/Apresenta%C3%A7%C3%A3o_Erasmus_DaysN13out2022.pdf\" target=\"_blank\" rel=\"noreferrer noopener\">AQUI<\/a>]<\/strong><\/li>\n<\/ul>\n\n\n\n<p><strong>Centro Tecnol\u00f3gico Especializado em Inform\u00e1tica<\/strong><\/p>\n\n\n\n<ul class=\"wp-block-list\">\n<li>Enquadramento<\/li>\n\n\n\n<li>Parcerias\/Protocolos<\/li>\n<\/ul>\n","protected":false},"excerpt":{"rendered":"<p>Regimentos Cronogramas PAM (Plano de A\u00e7\u00e3o de Melhoria)-&gt; [AQUI] Relat\u00f3rios&nbsp; &nbsp;Resultados &nbsp;Question\u00e1rios A\u00e7\u00f5es Forma\u00e7\u00e3o\/Sensibiliza\u00e7\u00e3o Atividades Centro Tecnol\u00f3gico Especializado em Inform\u00e1tica<\/p>\n","protected":false},"author":1,"featured_media":0,"parent":0,"menu_order":0,"comment_status":"closed","ping_status":"closed","template":"","meta":{"footnotes":""},"class_list":["post-2519","page","type-page","status-publish","hentry"],"yoast_head":"<!-- This site is optimized with the Yoast SEO plugin v27.4 - https:\/\/yoast.com\/product\/yoast-seo-wordpress\/ -->\n<title>#EQAVET 2022-2023 - Ensino Profissional<\/title>\n<meta name=\"robots\" content=\"index, follow, max-snippet:-1, max-image-preview:large, max-video-preview:-1\" \/>\n<link rel=\"canonical\" href=\"https:\/\/aefcastro.net\/ensinoprofissional\/index.php\/2022-2023\/\" \/>\n<meta property=\"og:locale\" content=\"pt_PT\" \/>\n<meta property=\"og:type\" content=\"article\" \/>\n<meta property=\"og:title\" content=\"#EQAVET 2022-2023 - Ensino Profissional\" \/>\n<meta property=\"og:description\" content=\"Regimentos Cronogramas PAM (Plano de A\u00e7\u00e3o de Melhoria)-&gt; [AQUI] Relat\u00f3rios&nbsp; &nbsp;Resultados &nbsp;Question\u00e1rios A\u00e7\u00f5es Forma\u00e7\u00e3o\/Sensibiliza\u00e7\u00e3o Atividades Centro Tecnol\u00f3gico Especializado em Inform\u00e1tica\" \/>\n<meta property=\"og:url\" content=\"https:\/\/aefcastro.net\/ensinoprofissional\/index.php\/2022-2023\/\" \/>\n<meta property=\"og:site_name\" content=\"Ensino Profissional\" \/>\n<meta property=\"article:publisher\" content=\"https:\/\/www.facebook.com\/AgrupamentodeEscolasFerreiraCastroOAZ\" \/>\n<meta property=\"article:modified_time\" content=\"2024-08-02T10:04:57+00:00\" \/>\n<meta name=\"twitter:card\" content=\"summary_large_image\" \/>\n<meta name=\"twitter:label1\" content=\"Tempo estimado de leitura\" \/>\n\t<meta name=\"twitter:data1\" content=\"1 minuto\" \/>\n<script type=\"application\/ld+json\" class=\"yoast-schema-graph\">{\"@context\":\"https:\\\/\\\/schema.org\",\"@graph\":[{\"@type\":\"WebPage\",\"@id\":\"https:\\\/\\\/aefcastro.net\\\/ensinoprofissional\\\/index.php\\\/2022-2023\\\/\",\"url\":\"https:\\\/\\\/aefcastro.net\\\/ensinoprofissional\\\/index.php\\\/2022-2023\\\/\",\"name\":\"#EQAVET 2022-2023 - Ensino Profissional\",\"isPartOf\":{\"@id\":\"https:\\\/\\\/aefcastro.net\\\/ensinoprofissional\\\/#website\"},\"datePublished\":\"2024-07-30T14:52:34+00:00\",\"dateModified\":\"2024-08-02T10:04:57+00:00\",\"breadcrumb\":{\"@id\":\"https:\\\/\\\/aefcastro.net\\\/ensinoprofissional\\\/index.php\\\/2022-2023\\\/#breadcrumb\"},\"inLanguage\":\"pt-PT\",\"potentialAction\":[{\"@type\":\"ReadAction\",\"target\":[\"https:\\\/\\\/aefcastro.net\\\/ensinoprofissional\\\/index.php\\\/2022-2023\\\/\"]}]},{\"@type\":\"BreadcrumbList\",\"@id\":\"https:\\\/\\\/aefcastro.net\\\/ensinoprofissional\\\/index.php\\\/2022-2023\\\/#breadcrumb\",\"itemListElement\":[{\"@type\":\"ListItem\",\"position\":1,\"name\":\"In\u00edcio\",\"item\":\"https:\\\/\\\/aefcastro.net\\\/ensinoprofissional\\\/\"},{\"@type\":\"ListItem\",\"position\":2,\"name\":\"#EQAVET 2022-2023\"}]},{\"@type\":\"WebSite\",\"@id\":\"https:\\\/\\\/aefcastro.net\\\/ensinoprofissional\\\/#website\",\"url\":\"https:\\\/\\\/aefcastro.net\\\/ensinoprofissional\\\/\",\"name\":\"Ensino Profissional\",\"description\":\"Centro Tecnol\u00f3gico Especializado | Inform\u00e1tica\",\"publisher\":{\"@id\":\"https:\\\/\\\/aefcastro.net\\\/ensinoprofissional\\\/#organization\"},\"potentialAction\":[{\"@type\":\"SearchAction\",\"target\":{\"@type\":\"EntryPoint\",\"urlTemplate\":\"https:\\\/\\\/aefcastro.net\\\/ensinoprofissional\\\/?s={search_term_string}\"},\"query-input\":{\"@type\":\"PropertyValueSpecification\",\"valueRequired\":true,\"valueName\":\"search_term_string\"}}],\"inLanguage\":\"pt-PT\"},{\"@type\":\"Organization\",\"@id\":\"https:\\\/\\\/aefcastro.net\\\/ensinoprofissional\\\/#organization\",\"name\":\"Ensino Profissional\",\"url\":\"https:\\\/\\\/aefcastro.net\\\/ensinoprofissional\\\/\",\"logo\":{\"@type\":\"ImageObject\",\"inLanguage\":\"pt-PT\",\"@id\":\"https:\\\/\\\/aefcastro.net\\\/ensinoprofissional\\\/#\\\/schema\\\/logo\\\/image\\\/\",\"url\":\"https:\\\/\\\/aefcastro.net\\\/ensinoprofissional\\\/wp-content\\\/uploads\\\/2024\\\/07\\\/cropped-logoAEFCastro-1.png\",\"contentUrl\":\"https:\\\/\\\/aefcastro.net\\\/ensinoprofissional\\\/wp-content\\\/uploads\\\/2024\\\/07\\\/cropped-logoAEFCastro-1.png\",\"width\":512,\"height\":512,\"caption\":\"Ensino Profissional\"},\"image\":{\"@id\":\"https:\\\/\\\/aefcastro.net\\\/ensinoprofissional\\\/#\\\/schema\\\/logo\\\/image\\\/\"},\"sameAs\":[\"https:\\\/\\\/www.facebook.com\\\/AgrupamentodeEscolasFerreiraCastroOAZ\"]}]}<\/script>\n<!-- \/ Yoast SEO plugin. -->","yoast_head_json":{"title":"#EQAVET 2022-2023 - Ensino Profissional","robots":{"index":"index","follow":"follow","max-snippet":"max-snippet:-1","max-image-preview":"max-image-preview:large","max-video-preview":"max-video-preview:-1"},"canonical":"https:\/\/aefcastro.net\/ensinoprofissional\/index.php\/2022-2023\/","og_locale":"pt_PT","og_type":"article","og_title":"#EQAVET 2022-2023 - Ensino Profissional","og_description":"Regimentos Cronogramas PAM (Plano de A\u00e7\u00e3o de Melhoria)-&gt; [AQUI] Relat\u00f3rios&nbsp; &nbsp;Resultados &nbsp;Question\u00e1rios A\u00e7\u00f5es Forma\u00e7\u00e3o\/Sensibiliza\u00e7\u00e3o Atividades Centro Tecnol\u00f3gico Especializado em Inform\u00e1tica","og_url":"https:\/\/aefcastro.net\/ensinoprofissional\/index.php\/2022-2023\/","og_site_name":"Ensino Profissional","article_publisher":"https:\/\/www.facebook.com\/AgrupamentodeEscolasFerreiraCastroOAZ","article_modified_time":"2024-08-02T10:04:57+00:00","twitter_card":"summary_large_image","twitter_misc":{"Tempo estimado de leitura":"1 minuto"},"schema":{"@context":"https:\/\/schema.org","@graph":[{"@type":"WebPage","@id":"https:\/\/aefcastro.net\/ensinoprofissional\/index.php\/2022-2023\/","url":"https:\/\/aefcastro.net\/ensinoprofissional\/index.php\/2022-2023\/","name":"#EQAVET 2022-2023 - Ensino Profissional","isPartOf":{"@id":"https:\/\/aefcastro.net\/ensinoprofissional\/#website"},"datePublished":"2024-07-30T14:52:34+00:00","dateModified":"2024-08-02T10:04:57+00:00","breadcrumb":{"@id":"https:\/\/aefcastro.net\/ensinoprofissional\/index.php\/2022-2023\/#breadcrumb"},"inLanguage":"pt-PT","potentialAction":[{"@type":"ReadAction","target":["https:\/\/aefcastro.net\/ensinoprofissional\/index.php\/2022-2023\/"]}]},{"@type":"BreadcrumbList","@id":"https:\/\/aefcastro.net\/ensinoprofissional\/index.php\/2022-2023\/#breadcrumb","itemListElement":[{"@type":"ListItem","position":1,"name":"In\u00edcio","item":"https:\/\/aefcastro.net\/ensinoprofissional\/"},{"@type":"ListItem","position":2,"name":"#EQAVET 2022-2023"}]},{"@type":"WebSite","@id":"https:\/\/aefcastro.net\/ensinoprofissional\/#website","url":"https:\/\/aefcastro.net\/ensinoprofissional\/","name":"Ensino Profissional","description":"Centro Tecnol\u00f3gico Especializado | Inform\u00e1tica","publisher":{"@id":"https:\/\/aefcastro.net\/ensinoprofissional\/#organization"},"potentialAction":[{"@type":"SearchAction","target":{"@type":"EntryPoint","urlTemplate":"https:\/\/aefcastro.net\/ensinoprofissional\/?s={search_term_string}"},"query-input":{"@type":"PropertyValueSpecification","valueRequired":true,"valueName":"search_term_string"}}],"inLanguage":"pt-PT"},{"@type":"Organization","@id":"https:\/\/aefcastro.net\/ensinoprofissional\/#organization","name":"Ensino Profissional","url":"https:\/\/aefcastro.net\/ensinoprofissional\/","logo":{"@type":"ImageObject","inLanguage":"pt-PT","@id":"https:\/\/aefcastro.net\/ensinoprofissional\/#\/schema\/logo\/image\/","url":"https:\/\/aefcastro.net\/ensinoprofissional\/wp-content\/uploads\/2024\/07\/cropped-logoAEFCastro-1.png","contentUrl":"https:\/\/aefcastro.net\/ensinoprofissional\/wp-content\/uploads\/2024\/07\/cropped-logoAEFCastro-1.png","width":512,"height":512,"caption":"Ensino Profissional"},"image":{"@id":"https:\/\/aefcastro.net\/ensinoprofissional\/#\/schema\/logo\/image\/"},"sameAs":["https:\/\/www.facebook.com\/AgrupamentodeEscolasFerreiraCastroOAZ"]}]}},"_links":{"self":[{"href":"https:\/\/aefcastro.net\/ensinoprofissional\/index.php\/wp-json\/wp\/v2\/pages\/2519","targetHints":{"allow":["GET"]}}],"collection":[{"href":"https:\/\/aefcastro.net\/ensinoprofissional\/index.php\/wp-json\/wp\/v2\/pages"}],"about":[{"href":"https:\/\/aefcastro.net\/ensinoprofissional\/index.php\/wp-json\/wp\/v2\/types\/page"}],"author":[{"embeddable":true,"href":"https:\/\/aefcastro.net\/ensinoprofissional\/index.php\/wp-json\/wp\/v2\/users\/1"}],"replies":[{"embeddable":true,"href":"https:\/\/aefcastro.net\/ensinoprofissional\/index.php\/wp-json\/wp\/v2\/comments?post=2519"}],"version-history":[{"count":2,"href":"https:\/\/aefcastro.net\/ensinoprofissional\/index.php\/wp-json\/wp\/v2\/pages\/2519\/revisions"}],"predecessor-version":[{"id":2602,"href":"https:\/\/aefcastro.net\/ensinoprofissional\/index.php\/wp-json\/wp\/v2\/pages\/2519\/revisions\/2602"}],"wp:attachment":[{"href":"https:\/\/aefcastro.net\/ensinoprofissional\/index.php\/wp-json\/wp\/v2\/media?parent=2519"}],"curies":[{"name":"wp","href":"https:\/\/api.w.org\/{rel}","templated":true}]}}