{"id":2521,"date":"2024-07-30T14:53:04","date_gmt":"2024-07-30T14:53:04","guid":{"rendered":"https:\/\/aefcastro.net\/ensinoprofissional\/?page_id=2521"},"modified":"2025-02-14T00:02:43","modified_gmt":"2025-02-14T00:02:43","slug":"2023-2024","status":"publish","type":"page","link":"https:\/\/aefcastro.net\/ensinoprofissional\/index.php\/2023-2024\/","title":{"rendered":"#EQAVET 2023-2024"},"content":{"rendered":"\n<ul class=\"wp-block-list\">\n<li><strong>Cronograma<\/strong>&nbsp; -&gt;&nbsp;[<strong><a href=\"https:\/\/www.aefcastro.net\/_portal\/images\/2023_2024\/CronogramaAlinhamento_2023_2024_EQAVET.docx.pdf\" target=\"_blank\" rel=\"noreferrer noopener\">AQUI<\/a>]<\/strong><\/li>\n\n\n\n<li><strong>Plano de A\u00e7\u00f5es de Melhoria<\/strong>&nbsp; -&gt;&nbsp;[<strong><a href=\"https:\/\/www.aefcastro.net\/_portal\/images\/PAM_2023_2024.pdf\" target=\"_blank\" rel=\"noreferrer noopener\">AQUI<\/a>]<\/strong><\/li>\n\n\n\n<li><strong>Plano de Forma\u00e7\u00e3o<\/strong> -&gt; [<strong><a href=\"https:\/\/www.aefcastro.net\/_portal\/images\/2023_2024\/PLANO_FORMACAO_Agrupamento_23_24.pdf\" target=\"_blank\" rel=\"noreferrer noopener\">AQUI<\/a>]<\/strong><\/li>\n\n\n\n<li><strong>Relat\u00f3rios<\/strong>\n<ul class=\"wp-block-list\">\n<li>Monitoriza\u00e7\u00e3o do Plano de A\u00e7\u00f5es de Melhoria 1.\u00ba semestre<strong> <\/strong>-&gt;&nbsp;[<strong><a href=\"https:\/\/www.aefcastro.net\/_portal\/images\/2023_2024\/eqavet\/MonitorizaoPAM_1Semestre_2023_2024.pdf\" target=\"_blank\" rel=\"noreferrer noopener\">AQUI<\/a>]<\/strong><\/li>\n\n\n\n<li>Monitoriza\u00e7\u00e3o do Plano de A\u00e7\u00f5es de Melhoria 2.\u00ba semestre<strong> <\/strong>-&gt;&nbsp;[<strong><a href=\"https:\/\/www.aefcastro.net\/_portal\/images\/2023_2024\/eqavet\/MonitorizaoPAM_1Semestre_2023_2024.pdf\" target=\"_blank\" rel=\"noreferrer noopener\">AQUI<\/a>]<\/strong><\/li>\n\n\n\n<li>Progresso anual n.\u00ba 3 [<a href=\"https:\/\/drive.google.com\/file\/d\/1Tc_i6wf90LWUXOCqSjo5krYjfp65g63-\/view?usp=sharing\" target=\"_blank\" rel=\"noreferrer noopener\"><strong>AQUI<\/strong><\/a>]<\/li>\n\n\n\n<li><strong>Resultados avalia\u00e7\u00e3o do<\/strong>:\n<ul class=\"wp-block-list\">\n<li>1.\u00ba Semestre  -&gt;&nbsp;[<strong><a href=\"https:\/\/www.aefcastro.net\/_portal\/images\/2023_2024\/eqavet\/Relat_Coord_EP_AnliseResultados_Avaliao_1Sem_CProf_2023_24.pdf\" target=\"_blank\" rel=\"noreferrer noopener\">AQUI<\/a>]<\/strong><\/li>\n\n\n\n<li>2.\u00ba Semestre <strong> <\/strong>-&gt;&nbsp;[<strong><a href=\"https:\/\/www.aefcastro.net\/_portal\/images\/2024_2025\/eqavet\/Relatorio_2sem_CP2023_24_pdf.pdf\" target=\"_blank\" rel=\"noreferrer noopener\">AQUI<\/a>]<\/strong><\/li>\n\n\n\n<li>Relat\u00f3rio Coordena\u00e7\u00e3o EQAVET<strong>&nbsp;-&gt;&nbsp;[<a href=\"https:\/\/drive.google.com\/file\/d\/1FNiqp5aO9JXIv2VPKBc47KLB80GfSFZ4\/view?usp=sharing\" target=\"_blank\" rel=\"noreferrer noopener\">AQUI<\/a>]<\/strong><\/li>\n<\/ul>\n<\/li>\n\n\n\n<li>Relat\u00f3rio do Operador <strong>&nbsp;-&gt;&nbsp;[<a href=\"https:\/\/drive.google.com\/file\/d\/1FySgdK7A6RWMJLQwZTnPrMqNL0wleGkr\/view?usp=drive_link\" target=\"_blank\" rel=\"noreferrer noopener\">AQUI<\/a>]<\/strong><\/li>\n<\/ul>\n<\/li>\n\n\n\n<li><strong>Relat\u00f3rios dos Question\u00e1rios<\/strong>\n<ul class=\"wp-block-list\">\n<li><a href=\"https:\/\/drive.google.com\/file\/d\/1iPNOnndC2SSRJdV7LfdssfEJFAMqOru-\/view?usp=sharing\"><strong>Q1 \u2013 <\/strong><\/a><a href=\"https:\/\/drive.google.com\/file\/d\/1oBqq0yTVElNnHx94Jd-ozxux3-aHQ-gE\/view?usp=drive_link\" target=\"_blank\" rel=\"noreferrer noopener\"><strong>Question\u00e1rio de avalia\u00e7\u00e3o da forma\u00e7\u00e3o\/formador (10.\u00ba, 11.\u00ba, 12.\u00ba)&nbsp;<\/strong><\/a><\/li>\n\n\n\n<li><a href=\"https:\/\/drive.google.com\/file\/d\/1LPWyJFNp5kzOk33x3BVhgxHMox-dhTuU\/view?usp=sharing\" target=\"_blank\" rel=\"noreferrer noopener\"><strong>Q8 \u2013 Question\u00e1rio de satisfa\u00e7\u00e3o dos Stakeholders Externos \u2013 entidades de FCT (aplicado ap\u00f3s FCT)<\/strong><\/a>&nbsp; &nbsp; &nbsp;<\/li>\n\n\n\n<li><a href=\"https:\/\/drive.google.com\/file\/d\/1BXw-5qqJKhjnBhkyMUiZc74Y2hmNsWm2\/view?usp=drive_link\" target=\"_blank\" rel=\"noreferrer noopener\"><strong>Q9 &#8211; Question\u00e1rio de satisfa\u00e7\u00e3o dos alunos do Ensino e Forma\u00e7\u00e3o profissional<\/strong><\/a><\/li>\n\n\n\n<li><a href=\"https:\/\/drive.google.com\/file\/d\/1a_-RMy9J1fiZzb6B6iqwMKl4JyEDRlQP\/view?usp=drive_link\" target=\"_blank\" rel=\"noreferrer noopener\"><strong>Q10A &#8211; Question\u00e1rio de satisfa\u00e7\u00e3o do Pessoal N\u00e3o Docente<\/strong><\/a><\/li>\n\n\n\n<li><a href=\"https:\/\/drive.google.com\/file\/d\/1NKqFdyc2UOOPT68CUI65TAmIdkixAswS\/view?usp=drive_link\" target=\"_blank\" rel=\"noreferrer noopener\"><strong>Q11 \u2013 Question\u00e1rios de satisfa\u00e7\u00e3o\/expectativas dos Encarregados de Educa\u00e7\u00e3o face ao curso do educando<\/strong><\/a><\/li>\n\n\n\n<li>Q13_Q14 \u2013 Question\u00e1rio de satisfa\u00e7\u00e3o\/avalia\u00e7\u00e3o final do curso e acompanhamento futuro &#8211; alunos do 12.\u00ba ano (brevemente)<\/li>\n\n\n\n<li>Q16 &#8211; Question\u00e1rio de&nbsp;satisfa\u00e7\u00e3o Stakeholders \u2013 PAP (brevemente)<\/li>\n<\/ul>\n<\/li>\n\n\n\n<li><strong><em>Stakeholders<\/em> externos \u201c1.\u00ba Encontro Educar no Presente para profiss\u00f5es do futuro\u201d <\/strong>\n<ul class=\"wp-block-list\">\n<li><strong> <\/strong>[<strong><a href=\"https:\/\/www.aefcastro.net\/_portal\/images\/2023_2024\/eqavet\/Programa_Ao15novembro_EQAVET.pdf\" target=\"_blank\" rel=\"noreferrer noopener\">AQUI<\/a>]<\/strong><\/li>\n\n\n\n<li><strong> <\/strong>[<strong><a href=\"https:\/\/www.aefcastro.net\/_portal\/images\/2023_2024\/eqavet\/1_Encontro_Educar_no_presente_profisses.pdf\" target=\"_blank\" rel=\"noreferrer noopener\">AQUI<\/a>]<\/strong><\/li>\n<\/ul>\n<\/li>\n\n\n\n<li><strong>A\u00e7\u00e3o de sensibiliza\u00e7\u00e3o para docentes<\/strong> <strong> <\/strong>-&gt;&nbsp;[<strong><a href=\"https:\/\/www.aefcastro.net\/_portal\/images\/2023_2024\/eqavet\/1_Semestre_EQAVET_Sensibilizao_S_internos_Setembro2023pptx.pdf\" target=\"_blank\" rel=\"noreferrer noopener\">AQUI<\/a>]<\/strong><\/li>\n\n\n\n<li><strong>A\u00e7\u00e3o de Curta Dura\u00e7\u00e3o  \u2013 Pr\u00e1ticas de qualidade<\/strong> <strong> <\/strong>-&gt;&nbsp;[<strong><a href=\"https:\/\/www.aefcastro.net\/_portal\/images\/2023_2024\/eqavet\/ACD_Docentes_EFP_Prticas_de_Qualidade_13dezembropptx.pdf\" target=\"_blank\" rel=\"noreferrer noopener\">AQUI<\/a>]<\/strong><\/li>\n\n\n\n<li><strong>Atividades<\/strong>\n<ul class=\"wp-block-list\">\n<li>Atividades turmas\/cursos do ensino e forma\u00e7\u00e3o profissional <strong> <\/strong>-&gt;&nbsp;[<strong><a href=\"https:\/\/www.aefcastro.net\/_portal\/images\/2023_2024\/eqavet\/Atividades__EFProfissional_23_24.pdf\" target=\"_blank\" rel=\"noreferrer noopener\">AQUI<\/a>]<\/strong><\/li>\n\n\n\n<li>T\u00e9cnicas de Procura de Emprego: A Entrevista <strong> <\/strong>-&gt;&nbsp;[<strong><a href=\"https:\/\/www.aefcastro.net\/_portal\/images\/2023_2024\/eqavet\/AoAEntrevista_12ano_EQAVET_2024.pdf\" target=\"_blank\" rel=\"noreferrer noopener\">AQUI<\/a>]<\/strong><\/li>\n<\/ul>\n<\/li>\n\n\n\n<li><strong>Indicadores EQAVET<\/strong>&nbsp;(Resultados) -&gt;&nbsp;[<a href=\"https:\/\/docs.google.com\/spreadsheets\/d\/1VWZ6BGUAKAlifNqNqJcZazKNRE32D35S\/edit?usp=sharing&amp;ouid=109172780030630927551&amp;rtpof=true&amp;sd=true\" target=\"_blank\" rel=\"noreferrer noopener\"><strong>AQUI<\/strong><\/a><strong>]<\/strong><\/li>\n<\/ul>\n\n\n\n<p><\/p>\n","protected":false},"excerpt":{"rendered":"","protected":false},"author":1,"featured_media":0,"parent":0,"menu_order":0,"comment_status":"closed","ping_status":"closed","template":"","meta":{"footnotes":""},"class_list":["post-2521","page","type-page","status-publish","hentry"],"yoast_head":"<!-- This site is optimized with the Yoast SEO plugin v27.3 - https:\/\/yoast.com\/product\/yoast-seo-wordpress\/ -->\n<title>#EQAVET 2023-2024 - Ensino Profissional<\/title>\n<meta name=\"robots\" content=\"index, follow, max-snippet:-1, max-image-preview:large, max-video-preview:-1\" \/>\n<link rel=\"canonical\" href=\"https:\/\/aefcastro.net\/ensinoprofissional\/index.php\/2023-2024\/\" \/>\n<meta property=\"og:locale\" content=\"pt_PT\" \/>\n<meta property=\"og:type\" content=\"article\" \/>\n<meta property=\"og:title\" content=\"#EQAVET 2023-2024 - Ensino Profissional\" \/>\n<meta property=\"og:url\" content=\"https:\/\/aefcastro.net\/ensinoprofissional\/index.php\/2023-2024\/\" \/>\n<meta property=\"og:site_name\" content=\"Ensino Profissional\" \/>\n<meta property=\"article:publisher\" content=\"https:\/\/www.facebook.com\/AgrupamentodeEscolasFerreiraCastroOAZ\" \/>\n<meta property=\"article:modified_time\" content=\"2025-02-14T00:02:43+00:00\" \/>\n<meta name=\"twitter:card\" content=\"summary_large_image\" \/>\n<meta name=\"twitter:label1\" content=\"Tempo estimado de leitura\" \/>\n\t<meta name=\"twitter:data1\" content=\"2 minutos\" \/>\n<script type=\"application\/ld+json\" class=\"yoast-schema-graph\">{\"@context\":\"https:\\\/\\\/schema.org\",\"@graph\":[{\"@type\":\"WebPage\",\"@id\":\"https:\\\/\\\/aefcastro.net\\\/ensinoprofissional\\\/index.php\\\/2023-2024\\\/\",\"url\":\"https:\\\/\\\/aefcastro.net\\\/ensinoprofissional\\\/index.php\\\/2023-2024\\\/\",\"name\":\"#EQAVET 2023-2024 - Ensino Profissional\",\"isPartOf\":{\"@id\":\"https:\\\/\\\/aefcastro.net\\\/ensinoprofissional\\\/#website\"},\"datePublished\":\"2024-07-30T14:53:04+00:00\",\"dateModified\":\"2025-02-14T00:02:43+00:00\",\"breadcrumb\":{\"@id\":\"https:\\\/\\\/aefcastro.net\\\/ensinoprofissional\\\/index.php\\\/2023-2024\\\/#breadcrumb\"},\"inLanguage\":\"pt-PT\",\"potentialAction\":[{\"@type\":\"ReadAction\",\"target\":[\"https:\\\/\\\/aefcastro.net\\\/ensinoprofissional\\\/index.php\\\/2023-2024\\\/\"]}]},{\"@type\":\"BreadcrumbList\",\"@id\":\"https:\\\/\\\/aefcastro.net\\\/ensinoprofissional\\\/index.php\\\/2023-2024\\\/#breadcrumb\",\"itemListElement\":[{\"@type\":\"ListItem\",\"position\":1,\"name\":\"In\u00edcio\",\"item\":\"https:\\\/\\\/aefcastro.net\\\/ensinoprofissional\\\/\"},{\"@type\":\"ListItem\",\"position\":2,\"name\":\"#EQAVET 2023-2024\"}]},{\"@type\":\"WebSite\",\"@id\":\"https:\\\/\\\/aefcastro.net\\\/ensinoprofissional\\\/#website\",\"url\":\"https:\\\/\\\/aefcastro.net\\\/ensinoprofissional\\\/\",\"name\":\"Ensino Profissional\",\"description\":\"Centro Tecnol\u00f3gico Especializado | Inform\u00e1tica\",\"publisher\":{\"@id\":\"https:\\\/\\\/aefcastro.net\\\/ensinoprofissional\\\/#organization\"},\"potentialAction\":[{\"@type\":\"SearchAction\",\"target\":{\"@type\":\"EntryPoint\",\"urlTemplate\":\"https:\\\/\\\/aefcastro.net\\\/ensinoprofissional\\\/?s={search_term_string}\"},\"query-input\":{\"@type\":\"PropertyValueSpecification\",\"valueRequired\":true,\"valueName\":\"search_term_string\"}}],\"inLanguage\":\"pt-PT\"},{\"@type\":\"Organization\",\"@id\":\"https:\\\/\\\/aefcastro.net\\\/ensinoprofissional\\\/#organization\",\"name\":\"Ensino Profissional\",\"url\":\"https:\\\/\\\/aefcastro.net\\\/ensinoprofissional\\\/\",\"logo\":{\"@type\":\"ImageObject\",\"inLanguage\":\"pt-PT\",\"@id\":\"https:\\\/\\\/aefcastro.net\\\/ensinoprofissional\\\/#\\\/schema\\\/logo\\\/image\\\/\",\"url\":\"https:\\\/\\\/aefcastro.net\\\/ensinoprofissional\\\/wp-content\\\/uploads\\\/2024\\\/07\\\/cropped-logoAEFCastro-1.png\",\"contentUrl\":\"https:\\\/\\\/aefcastro.net\\\/ensinoprofissional\\\/wp-content\\\/uploads\\\/2024\\\/07\\\/cropped-logoAEFCastro-1.png\",\"width\":512,\"height\":512,\"caption\":\"Ensino Profissional\"},\"image\":{\"@id\":\"https:\\\/\\\/aefcastro.net\\\/ensinoprofissional\\\/#\\\/schema\\\/logo\\\/image\\\/\"},\"sameAs\":[\"https:\\\/\\\/www.facebook.com\\\/AgrupamentodeEscolasFerreiraCastroOAZ\"]}]}<\/script>\n<!-- \/ Yoast SEO plugin. -->","yoast_head_json":{"title":"#EQAVET 2023-2024 - Ensino Profissional","robots":{"index":"index","follow":"follow","max-snippet":"max-snippet:-1","max-image-preview":"max-image-preview:large","max-video-preview":"max-video-preview:-1"},"canonical":"https:\/\/aefcastro.net\/ensinoprofissional\/index.php\/2023-2024\/","og_locale":"pt_PT","og_type":"article","og_title":"#EQAVET 2023-2024 - Ensino Profissional","og_url":"https:\/\/aefcastro.net\/ensinoprofissional\/index.php\/2023-2024\/","og_site_name":"Ensino Profissional","article_publisher":"https:\/\/www.facebook.com\/AgrupamentodeEscolasFerreiraCastroOAZ","article_modified_time":"2025-02-14T00:02:43+00:00","twitter_card":"summary_large_image","twitter_misc":{"Tempo estimado de leitura":"2 minutos"},"schema":{"@context":"https:\/\/schema.org","@graph":[{"@type":"WebPage","@id":"https:\/\/aefcastro.net\/ensinoprofissional\/index.php\/2023-2024\/","url":"https:\/\/aefcastro.net\/ensinoprofissional\/index.php\/2023-2024\/","name":"#EQAVET 2023-2024 - Ensino Profissional","isPartOf":{"@id":"https:\/\/aefcastro.net\/ensinoprofissional\/#website"},"datePublished":"2024-07-30T14:53:04+00:00","dateModified":"2025-02-14T00:02:43+00:00","breadcrumb":{"@id":"https:\/\/aefcastro.net\/ensinoprofissional\/index.php\/2023-2024\/#breadcrumb"},"inLanguage":"pt-PT","potentialAction":[{"@type":"ReadAction","target":["https:\/\/aefcastro.net\/ensinoprofissional\/index.php\/2023-2024\/"]}]},{"@type":"BreadcrumbList","@id":"https:\/\/aefcastro.net\/ensinoprofissional\/index.php\/2023-2024\/#breadcrumb","itemListElement":[{"@type":"ListItem","position":1,"name":"In\u00edcio","item":"https:\/\/aefcastro.net\/ensinoprofissional\/"},{"@type":"ListItem","position":2,"name":"#EQAVET 2023-2024"}]},{"@type":"WebSite","@id":"https:\/\/aefcastro.net\/ensinoprofissional\/#website","url":"https:\/\/aefcastro.net\/ensinoprofissional\/","name":"Ensino Profissional","description":"Centro Tecnol\u00f3gico Especializado | Inform\u00e1tica","publisher":{"@id":"https:\/\/aefcastro.net\/ensinoprofissional\/#organization"},"potentialAction":[{"@type":"SearchAction","target":{"@type":"EntryPoint","urlTemplate":"https:\/\/aefcastro.net\/ensinoprofissional\/?s={search_term_string}"},"query-input":{"@type":"PropertyValueSpecification","valueRequired":true,"valueName":"search_term_string"}}],"inLanguage":"pt-PT"},{"@type":"Organization","@id":"https:\/\/aefcastro.net\/ensinoprofissional\/#organization","name":"Ensino Profissional","url":"https:\/\/aefcastro.net\/ensinoprofissional\/","logo":{"@type":"ImageObject","inLanguage":"pt-PT","@id":"https:\/\/aefcastro.net\/ensinoprofissional\/#\/schema\/logo\/image\/","url":"https:\/\/aefcastro.net\/ensinoprofissional\/wp-content\/uploads\/2024\/07\/cropped-logoAEFCastro-1.png","contentUrl":"https:\/\/aefcastro.net\/ensinoprofissional\/wp-content\/uploads\/2024\/07\/cropped-logoAEFCastro-1.png","width":512,"height":512,"caption":"Ensino Profissional"},"image":{"@id":"https:\/\/aefcastro.net\/ensinoprofissional\/#\/schema\/logo\/image\/"},"sameAs":["https:\/\/www.facebook.com\/AgrupamentodeEscolasFerreiraCastroOAZ"]}]}},"_links":{"self":[{"href":"https:\/\/aefcastro.net\/ensinoprofissional\/index.php\/wp-json\/wp\/v2\/pages\/2521","targetHints":{"allow":["GET"]}}],"collection":[{"href":"https:\/\/aefcastro.net\/ensinoprofissional\/index.php\/wp-json\/wp\/v2\/pages"}],"about":[{"href":"https:\/\/aefcastro.net\/ensinoprofissional\/index.php\/wp-json\/wp\/v2\/types\/page"}],"author":[{"embeddable":true,"href":"https:\/\/aefcastro.net\/ensinoprofissional\/index.php\/wp-json\/wp\/v2\/users\/1"}],"replies":[{"embeddable":true,"href":"https:\/\/aefcastro.net\/ensinoprofissional\/index.php\/wp-json\/wp\/v2\/comments?post=2521"}],"version-history":[{"count":21,"href":"https:\/\/aefcastro.net\/ensinoprofissional\/index.php\/wp-json\/wp\/v2\/pages\/2521\/revisions"}],"predecessor-version":[{"id":2885,"href":"https:\/\/aefcastro.net\/ensinoprofissional\/index.php\/wp-json\/wp\/v2\/pages\/2521\/revisions\/2885"}],"wp:attachment":[{"href":"https:\/\/aefcastro.net\/ensinoprofissional\/index.php\/wp-json\/wp\/v2\/media?parent=2521"}],"curies":[{"name":"wp","href":"https:\/\/api.w.org\/{rel}","templated":true}]}}