{"id":2877,"date":"2025-02-13T23:46:13","date_gmt":"2025-02-13T23:46:13","guid":{"rendered":"https:\/\/aefcastro.net\/ensinoprofissional\/?page_id=2877"},"modified":"2026-01-26T16:00:06","modified_gmt":"2026-01-26T16:00:06","slug":"eqavet-2024-2025","status":"publish","type":"page","link":"https:\/\/aefcastro.net\/ensinoprofissional\/index.php\/eqavet-2024-2025\/","title":{"rendered":"#EQAVET 2024\/2025"},"content":{"rendered":"\n<div data-wp-interactive=\"core\/file\" class=\"wp-block-file\"><object data-wp-bind--hidden=\"!state.hasPdfPreview\" hidden class=\"wp-block-file__embed\" data=\"https:\/\/aefcastro.net\/ensinoprofissional\/wp-content\/uploads\/2026\/01\/19340_selo.pdf\" type=\"application\/pdf\" style=\"width:100%;height:600px\" aria-label=\"Incorpora\u00e7\u00e3o de 19340_selo.\"><\/object><a id=\"wp-block-file--media-8e929f5c-7658-4f16-b35b-c819e37b12a4\" href=\"https:\/\/aefcastro.net\/ensinoprofissional\/wp-content\/uploads\/2026\/01\/19340_selo.pdf\">19340_selo<\/a><a href=\"https:\/\/aefcastro.net\/ensinoprofissional\/wp-content\/uploads\/2026\/01\/19340_selo.pdf\" class=\"wp-block-file__button wp-element-button\" download aria-describedby=\"wp-block-file--media-8e929f5c-7658-4f16-b35b-c819e37b12a4\">Descarregar<\/a><\/div>\n\n\n\n<div class=\"wp-block-file\"><a id=\"wp-block-file--media-c36c27fa-ced2-430b-9e73-d0af0407525a\" href=\"https:\/\/aefcastro.net\/ensinoprofissional\/wp-content\/uploads\/2026\/01\/Regimento-EQAVET-2024_2025.pdf\">Regimento EQAVET 2024_2025<\/a><a href=\"https:\/\/aefcastro.net\/ensinoprofissional\/wp-content\/uploads\/2026\/01\/Regimento-EQAVET-2024_2025.pdf\" class=\"wp-block-file__button wp-element-button\" download aria-describedby=\"wp-block-file--media-c36c27fa-ced2-430b-9e73-d0af0407525a\">Descarregar<\/a><\/div>\n\n\n\n<div class=\"wp-block-file\"><a id=\"wp-block-file--media-4c26a4b8-f520-40c1-b03f-804bad1a9e5e\" href=\"https:\/\/aefcastro.net\/ensinoprofissional\/wp-content\/uploads\/2026\/01\/Indicadores-EQAVET-2021-2024.xlsx\">Indicadores EQAVET &#8211; 2021-2024<\/a><a href=\"https:\/\/aefcastro.net\/ensinoprofissional\/wp-content\/uploads\/2026\/01\/Indicadores-EQAVET-2021-2024.xlsx\" class=\"wp-block-file__button wp-element-button\" download aria-describedby=\"wp-block-file--media-4c26a4b8-f520-40c1-b03f-804bad1a9e5e\">Descarregar<\/a><\/div>\n\n\n\n<ul class=\"wp-block-list\">\n<li><strong>Cronograma<\/strong>&nbsp; -&gt;&nbsp;[<a href=\"https:\/\/www.aefcastro.net\/_portal\/images\/2024_2025\/CronogramaAlinhamento_2024_2025_EQAVET.pdf\" target=\"_blank\" rel=\"noreferrer noopener\"><strong>AQUI<\/strong><\/a><strong>]<\/strong><\/li>\n\n\n\n<li><strong>Plano de A\u00e7\u00e3o de Melhoria<\/strong>&nbsp; -&gt;&nbsp;[<strong><a href=\"https:\/\/www.aefcastro.net\/_portal\/images\/2024_2025\/PAM_2024_2025.pdf\" target=\"_blank\" rel=\"noreferrer noopener\">AQUI<\/a>]<\/strong><\/li>\n\n\n\n<li><strong>Monitoriza\u00e7\u00e3o do Plano de A\u00e7\u00f5es de Melhoria<\/strong>  -&gt;&nbsp;[<strong><a href=\"https:\/\/www.aefcastro.net\/_portal\/images\/\/2024_2025\/eqavet\/Relatrio_de_MonitorizaoPAM_1Semestre_2024_2025.pdf\" target=\"_blank\" rel=\"noreferrer noopener\">AQUI<\/a>]<\/strong><\/li>\n\n\n\n<li><strong>Recolha das atividades do profissional | 1.\u00ba semestre<\/strong> -&gt; [<strong><a href=\"https:\/\/www.aefcastro.net\/_portal\/images\/2024_2025\/Recolha_das_atividades_do_profissional_na_newsletter_1_semestre.pdf\" target=\"_blank\" rel=\"noreferrer noopener\">AQUI<\/a>]<\/strong><\/li>\n\n\n\n<li><strong>Recolha das atividades do profissional | 2.\u00ba semestre<\/strong> -&gt; [<strong><a href=\"https:\/\/www.aefcastro.net\/_portal\/images\/2024_2025\/eqavet\/2_SemestreAtiviades.pdf\" target=\"_blank\" rel=\"noreferrer noopener\">AQUI<\/a>]<\/strong><\/li>\n\n\n\n<li><strong>Regimento EQAVET 2024_2025 -&gt;<\/strong>&nbsp;[<strong><a href=\"https:\/\/www.aefcastro.net\/_portal\/images\/2024_2025\/Regimento_EQAVET_2024_2025.pdf\" target=\"_blank\" rel=\"noreferrer noopener\">AQUI<\/a>]<\/strong><\/li>\n\n\n\n<li><strong>Relat\u00f3rios<\/strong>\n<ul class=\"wp-block-list\">\n<li>Final de auditoria->\u00a0[<strong><a href=\"https:\/\/www.aefcastro.net\/_portal\/images\/2025_2026\/EQAVET\/2425\/2978_auditoriafinal.pdf\" target=\"_blank\" rel=\"noreferrer noopener\">AQUI<\/a>]<\/strong><\/li>\n<\/ul>\n<\/li>\n\n\n\n<li><strong>An\u00e1lise dos resultados da avalia\u00e7\u00e3o do 1.\u00ba semestre <\/strong> -&gt;&nbsp;[<strong><a href=\"https:\/\/www.aefcastro.net\/_portal\/images\/2024_2025\/eqavet\/Relatorio_1sem_CP2024_25_Final.pdf\" target=\"_blank\" rel=\"noreferrer noopener\">AQUI<\/a>]<\/strong><\/li>\n<\/ul>\n\n\n\n<div class=\"wp-block-file\"><a id=\"wp-block-file--media-0b1d39e3-0592-4974-b1d6-5ad200fc1b6a\" href=\"https:\/\/aefcastro.net\/ensinoprofissional\/wp-content\/uploads\/2026\/01\/Plano-de-Acoes-de-Formacao.pdf\">Plano de A\u00e7\u00f5es de Forma\u00e7\u00e3o<\/a><a href=\"https:\/\/aefcastro.net\/ensinoprofissional\/wp-content\/uploads\/2026\/01\/Plano-de-Acoes-de-Formacao.pdf\" class=\"wp-block-file__button wp-element-button\" download aria-describedby=\"wp-block-file--media-0b1d39e3-0592-4974-b1d6-5ad200fc1b6a\">Descarregar<\/a><\/div>\n\n\n\n<div class=\"wp-block-file\"><a id=\"wp-block-file--media-078a8f0f-3c50-4a6a-94db-aba28e173a98\" href=\"https:\/\/aefcastro.net\/ensinoprofissional\/wp-content\/uploads\/2026\/01\/Relatorio-resultados-de-avaliacao_2osemestre-_11_2025.pdf\">Relat\u00f3rio resultados de avalia\u00e7\u00e3o_2\u00basemestre _11_2025<\/a><a href=\"https:\/\/aefcastro.net\/ensinoprofissional\/wp-content\/uploads\/2026\/01\/Relatorio-resultados-de-avaliacao_2osemestre-_11_2025.pdf\" class=\"wp-block-file__button wp-element-button\" download aria-describedby=\"wp-block-file--media-078a8f0f-3c50-4a6a-94db-aba28e173a98\">Descarregar<\/a><\/div>\n\n\n\n<div class=\"wp-block-file\"><a id=\"wp-block-file--media-b9bf3890-329f-453c-85d3-ec53163c1348\" href=\"https:\/\/aefcastro.net\/ensinoprofissional\/wp-content\/uploads\/2026\/01\/Anexo-6_Relatorio-de-Progresso-Anual_3_23_24.pdf\">Anexo 6_Relatorio de Progresso Anual_3_23_24<\/a><a href=\"https:\/\/aefcastro.net\/ensinoprofissional\/wp-content\/uploads\/2026\/01\/Anexo-6_Relatorio-de-Progresso-Anual_3_23_24.pdf\" class=\"wp-block-file__button wp-element-button\" download aria-describedby=\"wp-block-file--media-b9bf3890-329f-453c-85d3-ec53163c1348\">Descarregar<\/a><\/div>\n\n\n\n<div class=\"wp-block-file\"><a id=\"wp-block-file--media-2c0edb3e-990c-49ec-8afe-e5459d1e1ed1\" href=\"https:\/\/aefcastro.net\/ensinoprofissional\/wp-content\/uploads\/2026\/01\/RelatorioAnalise-_Q1_Avaliacao_Formacao_1Semestre_2024_2025.pdf\">Relat\u00f3rioAn\u00e1lise _Q1_Avaliacao_Formacao_1Semestre_2024_2025<\/a><a href=\"https:\/\/aefcastro.net\/ensinoprofissional\/wp-content\/uploads\/2026\/01\/RelatorioAnalise-_Q1_Avaliacao_Formacao_1Semestre_2024_2025.pdf\" class=\"wp-block-file__button wp-element-button\" download aria-describedby=\"wp-block-file--media-2c0edb3e-990c-49ec-8afe-e5459d1e1ed1\">Descarregar<\/a><\/div>\n\n\n\n<div class=\"wp-block-file\"><a id=\"wp-block-file--media-9eb6518b-7255-4b4f-8d6b-b4a9e223d9b2\" href=\"https:\/\/aefcastro.net\/ensinoprofissional\/wp-content\/uploads\/2026\/01\/RelatorioAnalise-_Q1_Avaliacao_Formacao_2Semestre_2024_2025.pdf\">Relat\u00f3rioAn\u00e1lise _Q1_Avaliacao_Formacao_2Semestre_2024_2025<\/a><a href=\"https:\/\/aefcastro.net\/ensinoprofissional\/wp-content\/uploads\/2026\/01\/RelatorioAnalise-_Q1_Avaliacao_Formacao_2Semestre_2024_2025.pdf\" class=\"wp-block-file__button wp-element-button\" download aria-describedby=\"wp-block-file--media-9eb6518b-7255-4b4f-8d6b-b4a9e223d9b2\">Descarregar<\/a><\/div>\n\n\n\n<div class=\"wp-block-file\"><a id=\"wp-block-file--media-36fc2641-490c-4cb4-ae46-7d37f339bc19\" href=\"https:\/\/aefcastro.net\/ensinoprofissional\/wp-content\/uploads\/2026\/01\/RelatorioAnalise_-Q8_Questionario-Entidades-Parceiras-FCT_2425.pdf\">Relat\u00f3rioAn\u00e1lise_ Q8_Questionario Entidades Parceiras FCT_2425<\/a><a href=\"https:\/\/aefcastro.net\/ensinoprofissional\/wp-content\/uploads\/2026\/01\/RelatorioAnalise_-Q8_Questionario-Entidades-Parceiras-FCT_2425.pdf\" class=\"wp-block-file__button wp-element-button\" download aria-describedby=\"wp-block-file--media-36fc2641-490c-4cb4-ae46-7d37f339bc19\">Descarregar<\/a><\/div>\n\n\n\n<div class=\"wp-block-file\"><a id=\"wp-block-file--media-75cc42a1-c8da-4cef-a1d8-be077bf36a2a\" href=\"https:\/\/aefcastro.net\/ensinoprofissional\/wp-content\/uploads\/2026\/01\/RelatorioAnalise-_Q9-\u2013-Questionario-de-satisfacao-Alunos-do-EFP24_25.docx.pdf\">Relat\u00f3rioAn\u00e1lise _Q9 \u2013 Question\u00e1rio de satisfa\u00e7\u00e3o Alunos do EFP24_25.docx<\/a><a href=\"https:\/\/aefcastro.net\/ensinoprofissional\/wp-content\/uploads\/2026\/01\/RelatorioAnalise-_Q9-\u2013-Questionario-de-satisfacao-Alunos-do-EFP24_25.docx.pdf\" class=\"wp-block-file__button wp-element-button\" download aria-describedby=\"wp-block-file--media-75cc42a1-c8da-4cef-a1d8-be077bf36a2a\">Descarregar<\/a><\/div>\n\n\n\n<div class=\"wp-block-file\"><a id=\"wp-block-file--media-124ad063-445c-4302-a5fb-4581f690f2bb\" href=\"https:\/\/aefcastro.net\/ensinoprofissional\/wp-content\/uploads\/2026\/01\/RelatorioAnalise_-Q11_Questionario-Satisfacao_EE_2425.pdf\">Relat\u00f3rioAn\u00e1lise_ Q11_Questionario Satisfa\u00e7\u00e3o_EE_2425<\/a><a href=\"https:\/\/aefcastro.net\/ensinoprofissional\/wp-content\/uploads\/2026\/01\/RelatorioAnalise_-Q11_Questionario-Satisfacao_EE_2425.pdf\" class=\"wp-block-file__button wp-element-button\" download aria-describedby=\"wp-block-file--media-124ad063-445c-4302-a5fb-4581f690f2bb\">Descarregar<\/a><\/div>\n\n\n\n<div class=\"wp-block-file\"><a id=\"wp-block-file--media-8ec61341-33fc-4270-bc18-a22d44d24d48\" href=\"https:\/\/aefcastro.net\/ensinoprofissional\/wp-content\/uploads\/2026\/01\/RelatorioAnalise-_Q13_Grau_Satisfacao_Alunos_12Ano.pdf\">Relat\u00f3rioAnalise _Q13_Grau_Satisfacao_Alunos_12Ano<\/a><a href=\"https:\/\/aefcastro.net\/ensinoprofissional\/wp-content\/uploads\/2026\/01\/RelatorioAnalise-_Q13_Grau_Satisfacao_Alunos_12Ano.pdf\" class=\"wp-block-file__button wp-element-button\" download aria-describedby=\"wp-block-file--media-8ec61341-33fc-4270-bc18-a22d44d24d48\">Descarregar<\/a><\/div>\n\n\n\n<div class=\"wp-block-file\"><a id=\"wp-block-file--media-03505551-7659-4205-bb93-fc2f9746434d\" href=\"https:\/\/aefcastro.net\/ensinoprofissional\/wp-content\/uploads\/2026\/01\/RelatorioAnalise-_Q16_Stakeholder-Externos-PAP_12_24_25.pdf\">Relat\u00f3rioAnalise _Q16_Stakeholder Externos PAP_12_24_25<\/a><a href=\"https:\/\/aefcastro.net\/ensinoprofissional\/wp-content\/uploads\/2026\/01\/RelatorioAnalise-_Q16_Stakeholder-Externos-PAP_12_24_25.pdf\" class=\"wp-block-file__button wp-element-button\" download aria-describedby=\"wp-block-file--media-03505551-7659-4205-bb93-fc2f9746434d\">Descarregar<\/a><\/div>\n\n\n\n<p><a href=\"https:\/\/www.aefcastro.net\/_portal\/index.php\/2-uncategorised\/553-2-encontro-educar-no-presente-para-profissoes-do-futuro\">2.\u00ba Encontro &#8220;Educar no Presente para Profiss\u00f5es do Futuro&#8221;.<\/a><\/p>\n\n\n\n<iframe width=\"560\" height=\"315\" src=\"https:\/\/www.youtube.com\/embed\/ov7n0UbvPc0?si=IpysxA7_TY35oPUz\" title=\"YouTube video player\" frameborder=\"0\" allow=\"accelerometer; autoplay; clipboard-write; encrypted-media; gyroscope; picture-in-picture; web-share\" referrerpolicy=\"strict-origin-when-cross-origin\" allowfullscreen><\/iframe>\n\n\n\n<p><\/p>\n","protected":false},"excerpt":{"rendered":"<p>2.\u00ba Encontro &#8220;Educar no Presente para Profiss\u00f5es do Futuro&#8221;.<\/p>\n","protected":false},"author":1,"featured_media":0,"parent":0,"menu_order":0,"comment_status":"closed","ping_status":"closed","template":"","meta":{"footnotes":""},"class_list":["post-2877","page","type-page","status-publish","hentry"],"yoast_head":"<!-- This site is optimized with the Yoast SEO plugin v27.4 - https:\/\/yoast.com\/product\/yoast-seo-wordpress\/ -->\n<title>#EQAVET 2024\/2025 - Ensino Profissional<\/title>\n<meta name=\"robots\" content=\"index, follow, max-snippet:-1, max-image-preview:large, max-video-preview:-1\" \/>\n<link rel=\"canonical\" href=\"https:\/\/aefcastro.net\/ensinoprofissional\/index.php\/eqavet-2024-2025\/\" \/>\n<meta property=\"og:locale\" content=\"pt_PT\" \/>\n<meta property=\"og:type\" content=\"article\" \/>\n<meta property=\"og:title\" content=\"#EQAVET 2024\/2025 - Ensino Profissional\" \/>\n<meta property=\"og:description\" content=\"2.\u00ba Encontro &#8220;Educar no Presente para Profiss\u00f5es do Futuro&#8221;.\" \/>\n<meta property=\"og:url\" content=\"https:\/\/aefcastro.net\/ensinoprofissional\/index.php\/eqavet-2024-2025\/\" \/>\n<meta property=\"og:site_name\" content=\"Ensino Profissional\" \/>\n<meta property=\"article:publisher\" content=\"https:\/\/www.facebook.com\/AgrupamentodeEscolasFerreiraCastroOAZ\" \/>\n<meta property=\"article:modified_time\" content=\"2026-01-26T16:00:06+00:00\" \/>\n<meta name=\"twitter:card\" content=\"summary_large_image\" \/>\n<meta name=\"twitter:label1\" content=\"Tempo estimado de leitura\" \/>\n\t<meta name=\"twitter:data1\" content=\"1 minuto\" \/>\n<script type=\"application\/ld+json\" class=\"yoast-schema-graph\">{\"@context\":\"https:\\\/\\\/schema.org\",\"@graph\":[{\"@type\":\"WebPage\",\"@id\":\"https:\\\/\\\/aefcastro.net\\\/ensinoprofissional\\\/index.php\\\/eqavet-2024-2025\\\/\",\"url\":\"https:\\\/\\\/aefcastro.net\\\/ensinoprofissional\\\/index.php\\\/eqavet-2024-2025\\\/\",\"name\":\"#EQAVET 2024\\\/2025 - Ensino Profissional\",\"isPartOf\":{\"@id\":\"https:\\\/\\\/aefcastro.net\\\/ensinoprofissional\\\/#website\"},\"datePublished\":\"2025-02-13T23:46:13+00:00\",\"dateModified\":\"2026-01-26T16:00:06+00:00\",\"breadcrumb\":{\"@id\":\"https:\\\/\\\/aefcastro.net\\\/ensinoprofissional\\\/index.php\\\/eqavet-2024-2025\\\/#breadcrumb\"},\"inLanguage\":\"pt-PT\",\"potentialAction\":[{\"@type\":\"ReadAction\",\"target\":[\"https:\\\/\\\/aefcastro.net\\\/ensinoprofissional\\\/index.php\\\/eqavet-2024-2025\\\/\"]}]},{\"@type\":\"BreadcrumbList\",\"@id\":\"https:\\\/\\\/aefcastro.net\\\/ensinoprofissional\\\/index.php\\\/eqavet-2024-2025\\\/#breadcrumb\",\"itemListElement\":[{\"@type\":\"ListItem\",\"position\":1,\"name\":\"In\u00edcio\",\"item\":\"https:\\\/\\\/aefcastro.net\\\/ensinoprofissional\\\/\"},{\"@type\":\"ListItem\",\"position\":2,\"name\":\"#EQAVET 2024\\\/2025\"}]},{\"@type\":\"WebSite\",\"@id\":\"https:\\\/\\\/aefcastro.net\\\/ensinoprofissional\\\/#website\",\"url\":\"https:\\\/\\\/aefcastro.net\\\/ensinoprofissional\\\/\",\"name\":\"Ensino Profissional\",\"description\":\"Centro Tecnol\u00f3gico Especializado | Inform\u00e1tica\",\"publisher\":{\"@id\":\"https:\\\/\\\/aefcastro.net\\\/ensinoprofissional\\\/#organization\"},\"potentialAction\":[{\"@type\":\"SearchAction\",\"target\":{\"@type\":\"EntryPoint\",\"urlTemplate\":\"https:\\\/\\\/aefcastro.net\\\/ensinoprofissional\\\/?s={search_term_string}\"},\"query-input\":{\"@type\":\"PropertyValueSpecification\",\"valueRequired\":true,\"valueName\":\"search_term_string\"}}],\"inLanguage\":\"pt-PT\"},{\"@type\":\"Organization\",\"@id\":\"https:\\\/\\\/aefcastro.net\\\/ensinoprofissional\\\/#organization\",\"name\":\"Ensino Profissional\",\"url\":\"https:\\\/\\\/aefcastro.net\\\/ensinoprofissional\\\/\",\"logo\":{\"@type\":\"ImageObject\",\"inLanguage\":\"pt-PT\",\"@id\":\"https:\\\/\\\/aefcastro.net\\\/ensinoprofissional\\\/#\\\/schema\\\/logo\\\/image\\\/\",\"url\":\"https:\\\/\\\/aefcastro.net\\\/ensinoprofissional\\\/wp-content\\\/uploads\\\/2024\\\/07\\\/cropped-logoAEFCastro-1.png\",\"contentUrl\":\"https:\\\/\\\/aefcastro.net\\\/ensinoprofissional\\\/wp-content\\\/uploads\\\/2024\\\/07\\\/cropped-logoAEFCastro-1.png\",\"width\":512,\"height\":512,\"caption\":\"Ensino Profissional\"},\"image\":{\"@id\":\"https:\\\/\\\/aefcastro.net\\\/ensinoprofissional\\\/#\\\/schema\\\/logo\\\/image\\\/\"},\"sameAs\":[\"https:\\\/\\\/www.facebook.com\\\/AgrupamentodeEscolasFerreiraCastroOAZ\"]}]}<\/script>\n<!-- \/ Yoast SEO plugin. -->","yoast_head_json":{"title":"#EQAVET 2024\/2025 - Ensino Profissional","robots":{"index":"index","follow":"follow","max-snippet":"max-snippet:-1","max-image-preview":"max-image-preview:large","max-video-preview":"max-video-preview:-1"},"canonical":"https:\/\/aefcastro.net\/ensinoprofissional\/index.php\/eqavet-2024-2025\/","og_locale":"pt_PT","og_type":"article","og_title":"#EQAVET 2024\/2025 - Ensino Profissional","og_description":"2.\u00ba Encontro &#8220;Educar no Presente para Profiss\u00f5es do Futuro&#8221;.","og_url":"https:\/\/aefcastro.net\/ensinoprofissional\/index.php\/eqavet-2024-2025\/","og_site_name":"Ensino Profissional","article_publisher":"https:\/\/www.facebook.com\/AgrupamentodeEscolasFerreiraCastroOAZ","article_modified_time":"2026-01-26T16:00:06+00:00","twitter_card":"summary_large_image","twitter_misc":{"Tempo estimado de leitura":"1 minuto"},"schema":{"@context":"https:\/\/schema.org","@graph":[{"@type":"WebPage","@id":"https:\/\/aefcastro.net\/ensinoprofissional\/index.php\/eqavet-2024-2025\/","url":"https:\/\/aefcastro.net\/ensinoprofissional\/index.php\/eqavet-2024-2025\/","name":"#EQAVET 2024\/2025 - Ensino Profissional","isPartOf":{"@id":"https:\/\/aefcastro.net\/ensinoprofissional\/#website"},"datePublished":"2025-02-13T23:46:13+00:00","dateModified":"2026-01-26T16:00:06+00:00","breadcrumb":{"@id":"https:\/\/aefcastro.net\/ensinoprofissional\/index.php\/eqavet-2024-2025\/#breadcrumb"},"inLanguage":"pt-PT","potentialAction":[{"@type":"ReadAction","target":["https:\/\/aefcastro.net\/ensinoprofissional\/index.php\/eqavet-2024-2025\/"]}]},{"@type":"BreadcrumbList","@id":"https:\/\/aefcastro.net\/ensinoprofissional\/index.php\/eqavet-2024-2025\/#breadcrumb","itemListElement":[{"@type":"ListItem","position":1,"name":"In\u00edcio","item":"https:\/\/aefcastro.net\/ensinoprofissional\/"},{"@type":"ListItem","position":2,"name":"#EQAVET 2024\/2025"}]},{"@type":"WebSite","@id":"https:\/\/aefcastro.net\/ensinoprofissional\/#website","url":"https:\/\/aefcastro.net\/ensinoprofissional\/","name":"Ensino Profissional","description":"Centro Tecnol\u00f3gico Especializado | Inform\u00e1tica","publisher":{"@id":"https:\/\/aefcastro.net\/ensinoprofissional\/#organization"},"potentialAction":[{"@type":"SearchAction","target":{"@type":"EntryPoint","urlTemplate":"https:\/\/aefcastro.net\/ensinoprofissional\/?s={search_term_string}"},"query-input":{"@type":"PropertyValueSpecification","valueRequired":true,"valueName":"search_term_string"}}],"inLanguage":"pt-PT"},{"@type":"Organization","@id":"https:\/\/aefcastro.net\/ensinoprofissional\/#organization","name":"Ensino Profissional","url":"https:\/\/aefcastro.net\/ensinoprofissional\/","logo":{"@type":"ImageObject","inLanguage":"pt-PT","@id":"https:\/\/aefcastro.net\/ensinoprofissional\/#\/schema\/logo\/image\/","url":"https:\/\/aefcastro.net\/ensinoprofissional\/wp-content\/uploads\/2024\/07\/cropped-logoAEFCastro-1.png","contentUrl":"https:\/\/aefcastro.net\/ensinoprofissional\/wp-content\/uploads\/2024\/07\/cropped-logoAEFCastro-1.png","width":512,"height":512,"caption":"Ensino Profissional"},"image":{"@id":"https:\/\/aefcastro.net\/ensinoprofissional\/#\/schema\/logo\/image\/"},"sameAs":["https:\/\/www.facebook.com\/AgrupamentodeEscolasFerreiraCastroOAZ"]}]}},"_links":{"self":[{"href":"https:\/\/aefcastro.net\/ensinoprofissional\/index.php\/wp-json\/wp\/v2\/pages\/2877","targetHints":{"allow":["GET"]}}],"collection":[{"href":"https:\/\/aefcastro.net\/ensinoprofissional\/index.php\/wp-json\/wp\/v2\/pages"}],"about":[{"href":"https:\/\/aefcastro.net\/ensinoprofissional\/index.php\/wp-json\/wp\/v2\/types\/page"}],"author":[{"embeddable":true,"href":"https:\/\/aefcastro.net\/ensinoprofissional\/index.php\/wp-json\/wp\/v2\/users\/1"}],"replies":[{"embeddable":true,"href":"https:\/\/aefcastro.net\/ensinoprofissional\/index.php\/wp-json\/wp\/v2\/comments?post=2877"}],"version-history":[{"count":18,"href":"https:\/\/aefcastro.net\/ensinoprofissional\/index.php\/wp-json\/wp\/v2\/pages\/2877\/revisions"}],"predecessor-version":[{"id":3016,"href":"https:\/\/aefcastro.net\/ensinoprofissional\/index.php\/wp-json\/wp\/v2\/pages\/2877\/revisions\/3016"}],"wp:attachment":[{"href":"https:\/\/aefcastro.net\/ensinoprofissional\/index.php\/wp-json\/wp\/v2\/media?parent=2877"}],"curies":[{"name":"wp","href":"https:\/\/api.w.org\/{rel}","templated":true}]}}