{"id":2950,"date":"2025-08-26T11:57:30","date_gmt":"2025-08-26T11:57:30","guid":{"rendered":"https:\/\/aefcastro.net\/ensinoprofissional\/?page_id=2950"},"modified":"2025-08-26T11:57:30","modified_gmt":"2025-08-26T11:57:30","slug":"centro-tecnologico-especializado-de-informatica","status":"publish","type":"page","link":"https:\/\/aefcastro.net\/ensinoprofissional\/index.php\/centro-tecnologico-especializado-de-informatica\/","title":{"rendered":"Centro Tecnol\u00f3gico Especializado de Inform\u00e1tica"},"content":{"rendered":"\n<p>O Centro Tecnol\u00f3gico Especializado de Inform\u00e1tica do Agrupamento de Escolas Ferreira de Castro (CTE-IAEFCastro) para ser um ecossistema em Seguran\u00e7a da rede dados digitais, programa\u00e7\u00e3o para diferentes solu\u00e7\u00f5es (jogos, artefactos que utiliza\u00e7\u00e3o algoritmos Intelig\u00eancia Artificial).<\/p>\n","protected":false},"excerpt":{"rendered":"<p>O Centro Tecnol\u00f3gico Especializado de Inform\u00e1tica do Agrupamento de Escolas Ferreira de Castro (CTE-IAEFCastro) para ser um ecossistema em Seguran\u00e7a da rede dados digitais, programa\u00e7\u00e3o para diferentes solu\u00e7\u00f5es (jogos, artefactos que utiliza\u00e7\u00e3o algoritmos Intelig\u00eancia Artificial).<\/p>\n","protected":false},"author":1,"featured_media":0,"parent":0,"menu_order":0,"comment_status":"closed","ping_status":"closed","template":"","meta":{"footnotes":""},"class_list":["post-2950","page","type-page","status-publish","hentry"],"yoast_head":"<!-- This site is optimized with the Yoast SEO plugin v27.4 - https:\/\/yoast.com\/product\/yoast-seo-wordpress\/ -->\n<title>Centro Tecnol\u00f3gico Especializado de Inform\u00e1tica - Ensino Profissional<\/title>\n<meta name=\"robots\" content=\"index, follow, max-snippet:-1, max-image-preview:large, max-video-preview:-1\" \/>\n<link rel=\"canonical\" href=\"https:\/\/aefcastro.net\/ensinoprofissional\/index.php\/centro-tecnologico-especializado-de-informatica\/\" \/>\n<meta property=\"og:locale\" content=\"pt_PT\" \/>\n<meta property=\"og:type\" content=\"article\" \/>\n<meta property=\"og:title\" content=\"Centro Tecnol\u00f3gico Especializado de Inform\u00e1tica - Ensino Profissional\" \/>\n<meta property=\"og:description\" content=\"O Centro Tecnol\u00f3gico Especializado de Inform\u00e1tica do Agrupamento de Escolas Ferreira de Castro (CTE-IAEFCastro) para ser um ecossistema em Seguran\u00e7a da rede dados digitais, programa\u00e7\u00e3o para diferentes solu\u00e7\u00f5es (jogos, artefactos que utiliza\u00e7\u00e3o algoritmos Intelig\u00eancia Artificial).\" \/>\n<meta property=\"og:url\" content=\"https:\/\/aefcastro.net\/ensinoprofissional\/index.php\/centro-tecnologico-especializado-de-informatica\/\" \/>\n<meta property=\"og:site_name\" content=\"Ensino Profissional\" \/>\n<meta property=\"article:publisher\" content=\"https:\/\/www.facebook.com\/AgrupamentodeEscolasFerreiraCastroOAZ\" \/>\n<meta name=\"twitter:card\" content=\"summary_large_image\" \/>\n<meta name=\"twitter:label1\" content=\"Tempo estimado de leitura\" \/>\n\t<meta name=\"twitter:data1\" content=\"1 minuto\" \/>\n<script type=\"application\/ld+json\" class=\"yoast-schema-graph\">{\"@context\":\"https:\\\/\\\/schema.org\",\"@graph\":[{\"@type\":\"WebPage\",\"@id\":\"https:\\\/\\\/aefcastro.net\\\/ensinoprofissional\\\/index.php\\\/centro-tecnologico-especializado-de-informatica\\\/\",\"url\":\"https:\\\/\\\/aefcastro.net\\\/ensinoprofissional\\\/index.php\\\/centro-tecnologico-especializado-de-informatica\\\/\",\"name\":\"Centro Tecnol\u00f3gico Especializado de Inform\u00e1tica - Ensino Profissional\",\"isPartOf\":{\"@id\":\"https:\\\/\\\/aefcastro.net\\\/ensinoprofissional\\\/#website\"},\"datePublished\":\"2025-08-26T11:57:30+00:00\",\"breadcrumb\":{\"@id\":\"https:\\\/\\\/aefcastro.net\\\/ensinoprofissional\\\/index.php\\\/centro-tecnologico-especializado-de-informatica\\\/#breadcrumb\"},\"inLanguage\":\"pt-PT\",\"potentialAction\":[{\"@type\":\"ReadAction\",\"target\":[\"https:\\\/\\\/aefcastro.net\\\/ensinoprofissional\\\/index.php\\\/centro-tecnologico-especializado-de-informatica\\\/\"]}]},{\"@type\":\"BreadcrumbList\",\"@id\":\"https:\\\/\\\/aefcastro.net\\\/ensinoprofissional\\\/index.php\\\/centro-tecnologico-especializado-de-informatica\\\/#breadcrumb\",\"itemListElement\":[{\"@type\":\"ListItem\",\"position\":1,\"name\":\"In\u00edcio\",\"item\":\"https:\\\/\\\/aefcastro.net\\\/ensinoprofissional\\\/\"},{\"@type\":\"ListItem\",\"position\":2,\"name\":\"Centro Tecnol\u00f3gico Especializado de Inform\u00e1tica\"}]},{\"@type\":\"WebSite\",\"@id\":\"https:\\\/\\\/aefcastro.net\\\/ensinoprofissional\\\/#website\",\"url\":\"https:\\\/\\\/aefcastro.net\\\/ensinoprofissional\\\/\",\"name\":\"Ensino Profissional\",\"description\":\"Centro Tecnol\u00f3gico Especializado | Inform\u00e1tica\",\"publisher\":{\"@id\":\"https:\\\/\\\/aefcastro.net\\\/ensinoprofissional\\\/#organization\"},\"potentialAction\":[{\"@type\":\"SearchAction\",\"target\":{\"@type\":\"EntryPoint\",\"urlTemplate\":\"https:\\\/\\\/aefcastro.net\\\/ensinoprofissional\\\/?s={search_term_string}\"},\"query-input\":{\"@type\":\"PropertyValueSpecification\",\"valueRequired\":true,\"valueName\":\"search_term_string\"}}],\"inLanguage\":\"pt-PT\"},{\"@type\":\"Organization\",\"@id\":\"https:\\\/\\\/aefcastro.net\\\/ensinoprofissional\\\/#organization\",\"name\":\"Ensino Profissional\",\"url\":\"https:\\\/\\\/aefcastro.net\\\/ensinoprofissional\\\/\",\"logo\":{\"@type\":\"ImageObject\",\"inLanguage\":\"pt-PT\",\"@id\":\"https:\\\/\\\/aefcastro.net\\\/ensinoprofissional\\\/#\\\/schema\\\/logo\\\/image\\\/\",\"url\":\"https:\\\/\\\/aefcastro.net\\\/ensinoprofissional\\\/wp-content\\\/uploads\\\/2024\\\/07\\\/cropped-logoAEFCastro-1.png\",\"contentUrl\":\"https:\\\/\\\/aefcastro.net\\\/ensinoprofissional\\\/wp-content\\\/uploads\\\/2024\\\/07\\\/cropped-logoAEFCastro-1.png\",\"width\":512,\"height\":512,\"caption\":\"Ensino Profissional\"},\"image\":{\"@id\":\"https:\\\/\\\/aefcastro.net\\\/ensinoprofissional\\\/#\\\/schema\\\/logo\\\/image\\\/\"},\"sameAs\":[\"https:\\\/\\\/www.facebook.com\\\/AgrupamentodeEscolasFerreiraCastroOAZ\"]}]}<\/script>\n<!-- \/ Yoast SEO plugin. -->","yoast_head_json":{"title":"Centro Tecnol\u00f3gico Especializado de Inform\u00e1tica - Ensino Profissional","robots":{"index":"index","follow":"follow","max-snippet":"max-snippet:-1","max-image-preview":"max-image-preview:large","max-video-preview":"max-video-preview:-1"},"canonical":"https:\/\/aefcastro.net\/ensinoprofissional\/index.php\/centro-tecnologico-especializado-de-informatica\/","og_locale":"pt_PT","og_type":"article","og_title":"Centro Tecnol\u00f3gico Especializado de Inform\u00e1tica - Ensino Profissional","og_description":"O Centro Tecnol\u00f3gico Especializado de Inform\u00e1tica do Agrupamento de Escolas Ferreira de Castro (CTE-IAEFCastro) para ser um ecossistema em Seguran\u00e7a da rede dados digitais, programa\u00e7\u00e3o para diferentes solu\u00e7\u00f5es (jogos, artefactos que utiliza\u00e7\u00e3o algoritmos Intelig\u00eancia Artificial).","og_url":"https:\/\/aefcastro.net\/ensinoprofissional\/index.php\/centro-tecnologico-especializado-de-informatica\/","og_site_name":"Ensino Profissional","article_publisher":"https:\/\/www.facebook.com\/AgrupamentodeEscolasFerreiraCastroOAZ","twitter_card":"summary_large_image","twitter_misc":{"Tempo estimado de leitura":"1 minuto"},"schema":{"@context":"https:\/\/schema.org","@graph":[{"@type":"WebPage","@id":"https:\/\/aefcastro.net\/ensinoprofissional\/index.php\/centro-tecnologico-especializado-de-informatica\/","url":"https:\/\/aefcastro.net\/ensinoprofissional\/index.php\/centro-tecnologico-especializado-de-informatica\/","name":"Centro Tecnol\u00f3gico Especializado de Inform\u00e1tica - Ensino Profissional","isPartOf":{"@id":"https:\/\/aefcastro.net\/ensinoprofissional\/#website"},"datePublished":"2025-08-26T11:57:30+00:00","breadcrumb":{"@id":"https:\/\/aefcastro.net\/ensinoprofissional\/index.php\/centro-tecnologico-especializado-de-informatica\/#breadcrumb"},"inLanguage":"pt-PT","potentialAction":[{"@type":"ReadAction","target":["https:\/\/aefcastro.net\/ensinoprofissional\/index.php\/centro-tecnologico-especializado-de-informatica\/"]}]},{"@type":"BreadcrumbList","@id":"https:\/\/aefcastro.net\/ensinoprofissional\/index.php\/centro-tecnologico-especializado-de-informatica\/#breadcrumb","itemListElement":[{"@type":"ListItem","position":1,"name":"In\u00edcio","item":"https:\/\/aefcastro.net\/ensinoprofissional\/"},{"@type":"ListItem","position":2,"name":"Centro Tecnol\u00f3gico Especializado de Inform\u00e1tica"}]},{"@type":"WebSite","@id":"https:\/\/aefcastro.net\/ensinoprofissional\/#website","url":"https:\/\/aefcastro.net\/ensinoprofissional\/","name":"Ensino Profissional","description":"Centro Tecnol\u00f3gico Especializado | Inform\u00e1tica","publisher":{"@id":"https:\/\/aefcastro.net\/ensinoprofissional\/#organization"},"potentialAction":[{"@type":"SearchAction","target":{"@type":"EntryPoint","urlTemplate":"https:\/\/aefcastro.net\/ensinoprofissional\/?s={search_term_string}"},"query-input":{"@type":"PropertyValueSpecification","valueRequired":true,"valueName":"search_term_string"}}],"inLanguage":"pt-PT"},{"@type":"Organization","@id":"https:\/\/aefcastro.net\/ensinoprofissional\/#organization","name":"Ensino Profissional","url":"https:\/\/aefcastro.net\/ensinoprofissional\/","logo":{"@type":"ImageObject","inLanguage":"pt-PT","@id":"https:\/\/aefcastro.net\/ensinoprofissional\/#\/schema\/logo\/image\/","url":"https:\/\/aefcastro.net\/ensinoprofissional\/wp-content\/uploads\/2024\/07\/cropped-logoAEFCastro-1.png","contentUrl":"https:\/\/aefcastro.net\/ensinoprofissional\/wp-content\/uploads\/2024\/07\/cropped-logoAEFCastro-1.png","width":512,"height":512,"caption":"Ensino Profissional"},"image":{"@id":"https:\/\/aefcastro.net\/ensinoprofissional\/#\/schema\/logo\/image\/"},"sameAs":["https:\/\/www.facebook.com\/AgrupamentodeEscolasFerreiraCastroOAZ"]}]}},"_links":{"self":[{"href":"https:\/\/aefcastro.net\/ensinoprofissional\/index.php\/wp-json\/wp\/v2\/pages\/2950","targetHints":{"allow":["GET"]}}],"collection":[{"href":"https:\/\/aefcastro.net\/ensinoprofissional\/index.php\/wp-json\/wp\/v2\/pages"}],"about":[{"href":"https:\/\/aefcastro.net\/ensinoprofissional\/index.php\/wp-json\/wp\/v2\/types\/page"}],"author":[{"embeddable":true,"href":"https:\/\/aefcastro.net\/ensinoprofissional\/index.php\/wp-json\/wp\/v2\/users\/1"}],"replies":[{"embeddable":true,"href":"https:\/\/aefcastro.net\/ensinoprofissional\/index.php\/wp-json\/wp\/v2\/comments?post=2950"}],"version-history":[{"count":1,"href":"https:\/\/aefcastro.net\/ensinoprofissional\/index.php\/wp-json\/wp\/v2\/pages\/2950\/revisions"}],"predecessor-version":[{"id":2951,"href":"https:\/\/aefcastro.net\/ensinoprofissional\/index.php\/wp-json\/wp\/v2\/pages\/2950\/revisions\/2951"}],"wp:attachment":[{"href":"https:\/\/aefcastro.net\/ensinoprofissional\/index.php\/wp-json\/wp\/v2\/media?parent=2950"}],"curies":[{"name":"wp","href":"https:\/\/api.w.org\/{rel}","templated":true}]}}