{"id":2959,"date":"2025-09-04T23:27:27","date_gmt":"2025-09-04T23:27:27","guid":{"rendered":"https:\/\/aefcastro.net\/ensinoprofissional\/?page_id=2959"},"modified":"2025-09-05T00:04:11","modified_gmt":"2025-09-05T00:04:11","slug":"eqavet-2021-2022","status":"publish","type":"page","link":"https:\/\/aefcastro.net\/ensinoprofissional\/index.php\/eqavet-2021-2022\/","title":{"rendered":"#EQAVET 2021-2022"},"content":{"rendered":"\n<ul class=\"wp-block-list\">\n<li>Cronograma do alinhamento do Plano Anual\u00a0-><strong>\u00a0<a href=\"https:\/\/www.aefcastro.net\/portal\/images\/CRON_alinh_setembro_2021_22_F_signed.pdf\">[<\/a><a href=\"https:\/\/www.aefcastro.net\/portal\/images\/CRON_alinh_setembro_2021_22_F_signed.pdf\" target=\"_blank\" rel=\"noreferrer noopener\">AQUI<\/a><a href=\"https:\/\/www.aefcastro.net\/portal\/images\/CRON_alinh_setembro_2021_22_F_signed.pdf\">]<\/a><\/strong><\/li>\n\n\n\n<li>Plano de a\u00e7\u00f5es de melhoria\u00a0->\u00a0<strong><a href=\"https:\/\/www.aefcastro.net\/portal\/images\/PAM_setembro_2021_22_signed.pdf\">[<\/a><a href=\"https:\/\/www.aefcastro.net\/portal\/images\/PAM_setembro_2021_22_signed.pdf\" target=\"_blank\" rel=\"noreferrer noopener\">AQUI<\/a><a href=\"https:\/\/www.aefcastro.net\/portal\/images\/PAM_setembro_2021_22_signed.pdf\">]<\/a><\/strong><\/li>\n\n\n\n<li>Sess\u00e3o de esclarecimento do EQAVET no Agrupamento de Escolas Ferreira de Castro&nbsp;-&gt;&nbsp;<strong><a href=\"https:\/\/youtu.be\/7Je3ioxxRR8\" target=\"_blank\" rel=\"noreferrer noopener\">[AQUI]<\/a><\/strong><\/li>\n\n\n\n<li>Sess\u00e3o online de esclarecimento EQAVET com stakeholders externos&nbsp;-&gt;&nbsp;<strong><a href=\"https:\/\/www.youtube.com\/watch?v=nAp-1S_4Nws\" target=\"_blank\" rel=\"noreferrer noopener\">[AQUI]<\/a><\/strong><\/li>\n\n\n\n<li>Documento de monitoriza\u00e7\u00e3o do PAM (1\u00ba semestre)\u00a0->\u00a0<strong><a href=\"https:\/\/www.aefcastro.net\/portal\/images\/EQAVET_monitoriz_1Semestre_2021_2022_signed.pdf\">[<\/a><a href=\"https:\/\/www.aefcastro.net\/portal\/images\/EQAVET_monitoriz_1Semestre_2021_2022_signed.pdf\" target=\"_blank\" rel=\"noreferrer noopener\">AQUI<\/a><a href=\"https:\/\/www.aefcastro.net\/portal\/images\/EQAVET_monitoriz_1Semestre_2021_2022_signed.pdf\">]<\/a><\/strong><\/li>\n\n\n\n<li>Palestra &#8221; Construir a pr\u00f3xima gera\u00e7\u00e3o de empres\u00e1rio&#8221; &#8211; 10\/02\/2022\n<ul class=\"wp-block-list\">\n<li>Imagens&nbsp;-&gt;&nbsp;<strong><a href=\"https:\/\/www.aefcastro.net\/portal\/images\/palestramundotrabalho.jpg\" target=\"_blank\" rel=\"noreferrer noopener\">[AQUI]<\/a><\/strong><\/li>\n\n\n\n<li>S\u00edntese do trabalho\u00a0->\u00a0<strong><a href=\"https:\/\/www.aefcastro.net\/portal\/images\/3%C2%BATG_-__O_Mundo_do_Trabalho_.pdf\">[<\/a><a href=\"https:\/\/www.aefcastro.net\/portal\/images\/3%C2%BATG_-__O_Mundo_do_Trabalho_.pdf\" target=\"_blank\" rel=\"noreferrer noopener\">AQUI<\/a><a href=\"https:\/\/www.aefcastro.net\/portal\/images\/3%C2%BATG_-__O_Mundo_do_Trabalho_.pdf\">]<\/a><\/strong><\/li>\n<\/ul>\n<\/li>\n\n\n\n<li>Palestra &#8221; Nativos digitais, o telento Z e o mercado laboral&#8221; &#8211; 08\/03\/2022\n<ul class=\"wp-block-list\">\n<li>Imagens&nbsp;-&gt;&nbsp;<strong><a href=\"https:\/\/www.aefcastro.net\/portal\/images\/palestra3.png\" target=\"_blank\" rel=\"noreferrer noopener\">[AQUI]<\/a><\/strong><\/li>\n\n\n\n<li>S\u00edntese do trabalho\u00a0->\u00a0<strong><a href=\"https:\/\/drive.google.com\/drive\/folders\/1P3tLHzhPimJvgyxzpVWcFHQHMUSlV4C8?usp=sharing\">[<\/a><a href=\"https:\/\/drive.google.com\/drive\/folders\/1P3tLHzhPimJvgyxzpVWcFHQHMUSlV4C8?usp=sharing\" target=\"_blank\" rel=\"noreferrer noopener\">AQUI<\/a><a href=\"https:\/\/drive.google.com\/drive\/folders\/1P3tLHzhPimJvgyxzpVWcFHQHMUSlV4C8?usp=sharing\">]<\/a><\/strong><\/li>\n<\/ul>\n<\/li>\n\n\n\n<li>&nbsp;Diferentes Palestras -&gt;&nbsp;<strong><a href=\"https:\/\/www.aefcastro.net\/_portal\/images\/DAC_PADLET_3_O_Mundo_do_Trabalho.pdf\" target=\"_blank\" rel=\"noreferrer noopener\">[<\/a><a href=\"https:\/\/www.aefcastro.net\/portal\/images\/DAC_PADLET_3_O_Mundo_do_Trabalho.pdf\" target=\"_blank\" rel=\"noreferrer noopener\">AQUI<\/a><a href=\"https:\/\/www.aefcastro.net\/_portal\/images\/DAC_PADLET_3_O_Mundo_do_Trabalho.pdf\" target=\"_blank\" rel=\"noreferrer noopener\">]<\/a><\/strong><\/li>\n\n\n\n<li>Monitoriza\u00e7\u00e3o 2 semestre-&gt; [<strong><a href=\"https:\/\/www.aefcastro.net\/_portal\/images\/Monitoriza\u00e7\u00e3o_2semestre_2021_2022.pdf\" target=\"_blank\" rel=\"noreferrer noopener\">AQUI<\/a>]<\/strong><\/li>\n\n\n\n<li>Relat\u00f3rio Auditoria de Verifica\u00e7\u00e3o EQAVET -> [<strong><a href=\"https:\/\/www.aefcastro.net\/_portal\/images\/\/1486_auditoriafinal_EQAVET.pdf\" target=\"_blank\" rel=\"noreferrer noopener\">AQUI<\/a>]<\/strong><\/li>\n<\/ul>\n\n\n\n<hr class=\"wp-block-separator has-alpha-channel-opacity\"\/>\n\n\n\n<p><strong>Relat\u00f3rios &#8211; An\u00e1lise&nbsp;Question\u00e1rios&nbsp;(2\u00baSemestre)&nbsp;<\/strong><\/p>\n\n\n\n<ul class=\"wp-block-list\">\n<li>Encarregados de Educa\u00e7\u00e3o\u00a0\u00a0->\u00a0<strong><a href=\"https:\/\/www.aefcastro.net\/portal\/images\/Analise__Q_EE_2s.pdf\">[<\/a><a href=\"https:\/\/www.aefcastro.net\/portal\/images\/Analise__Q_EE_2s.pdf\" target=\"_blank\" rel=\"noreferrer noopener\">AQUI<\/a><a href=\"https:\/\/www.aefcastro.net\/portal\/images\/Analise__Q_EE_2s.pdf\">]<\/a><\/strong><\/li>\n\n\n\n<li>Stakeholders Interno\u00a0\u00a0->\u00a0<strong><a href=\"https:\/\/www.aefcastro.net\/portal\/images\/Analise__Q_StInt_2s.pdf\">[<\/a><a href=\"https:\/\/www.aefcastro.net\/portal\/images\/Analise__Q_StInt_2s.pdf\" target=\"_blank\" rel=\"noreferrer noopener\">AQUI<\/a><a href=\"https:\/\/www.aefcastro.net\/portal\/images\/Analise__Q_StInt_2s.pdf\">]<\/a><\/strong><\/li>\n\n\n\n<li>Stakeholders Externo\u00a0\u00a0->\u00a0<strong><a href=\"https:\/\/www.aefcastro.net\/portal\/images\/Analise__Q_StExt_2s.pdf\">[<\/a><a href=\"https:\/\/www.aefcastro.net\/portal\/images\/Analise__Q_StExt_2s.pdf\" target=\"_blank\" rel=\"noreferrer noopener\">AQUI<\/a><a href=\"https:\/\/www.aefcastro.net\/portal\/images\/Analise__Q_StExt_2s.pdf\">]<\/a><\/strong><\/li>\n\n\n\n<li>Anexo 6-&gt; [<strong><a href=\"https:\/\/www.aefcastro.net\/_portal\/images\/Anexo_6_Relatorio_de_Progresso_Anual_21_22_vers\u00e3ofinal.pdf\" target=\"_blank\" rel=\"noreferrer noopener\">AQUI<\/a>]<\/strong><\/li>\n<\/ul>\n\n\n\n<hr class=\"wp-block-separator has-alpha-channel-opacity\"\/>\n\n\n\n<ul class=\"wp-block-list\">\n<li>Crit\u00e9rios para ordenamento da rede de Cursos Profissionais, para o ano letivo 2021-2022 -> [<strong><a href=\"https:\/\/www.aefcastro.net\/portal\/images\/Anexo_II_Circular_2021_CP_26_03_2021.pdf\" target=\"_blank\" rel=\"noreferrer noopener\">AQUI<\/a>]<\/strong><\/li>\n\n\n\n<li>Planeamento e concerta\u00e7\u00e3o das redes de ofertas profissionalizantes para o ano letivo de 2021\/2022\u00a0->\u00a0<strong>[<a href=\"https:\/\/www.aefcastro.net\/portal\/images\/Circular_n__1_ANQEP_2021.pdf\" target=\"_blank\" rel=\"noreferrer noopener\">AQUI<\/a>]<\/strong><\/li>\n<\/ul>\n\n\n\n<p><\/p>\n","protected":false},"excerpt":{"rendered":"<p>Relat\u00f3rios &#8211; An\u00e1lise&nbsp;Question\u00e1rios&nbsp;(2\u00baSemestre)&nbsp;<\/p>\n","protected":false},"author":1,"featured_media":0,"parent":0,"menu_order":0,"comment_status":"closed","ping_status":"closed","template":"","meta":{"footnotes":""},"class_list":["post-2959","page","type-page","status-publish","hentry"],"yoast_head":"<!-- This site is optimized with the Yoast SEO plugin v27.4 - https:\/\/yoast.com\/product\/yoast-seo-wordpress\/ -->\n<title>#EQAVET 2021-2022 - Ensino Profissional<\/title>\n<meta name=\"robots\" content=\"index, follow, max-snippet:-1, max-image-preview:large, max-video-preview:-1\" \/>\n<link rel=\"canonical\" href=\"https:\/\/aefcastro.net\/ensinoprofissional\/index.php\/eqavet-2021-2022\/\" \/>\n<meta property=\"og:locale\" content=\"pt_PT\" \/>\n<meta property=\"og:type\" content=\"article\" \/>\n<meta property=\"og:title\" content=\"#EQAVET 2021-2022 - Ensino Profissional\" \/>\n<meta property=\"og:description\" content=\"Relat\u00f3rios &#8211; An\u00e1lise&nbsp;Question\u00e1rios&nbsp;(2\u00baSemestre)&nbsp;\" \/>\n<meta property=\"og:url\" content=\"https:\/\/aefcastro.net\/ensinoprofissional\/index.php\/eqavet-2021-2022\/\" \/>\n<meta property=\"og:site_name\" content=\"Ensino Profissional\" \/>\n<meta property=\"article:publisher\" content=\"https:\/\/www.facebook.com\/AgrupamentodeEscolasFerreiraCastroOAZ\" \/>\n<meta property=\"article:modified_time\" content=\"2025-09-05T00:04:11+00:00\" \/>\n<meta name=\"twitter:card\" content=\"summary_large_image\" \/>\n<meta name=\"twitter:label1\" content=\"Tempo estimado de leitura\" \/>\n\t<meta name=\"twitter:data1\" content=\"1 minuto\" \/>\n<script type=\"application\/ld+json\" class=\"yoast-schema-graph\">{\"@context\":\"https:\\\/\\\/schema.org\",\"@graph\":[{\"@type\":\"WebPage\",\"@id\":\"https:\\\/\\\/aefcastro.net\\\/ensinoprofissional\\\/index.php\\\/eqavet-2021-2022\\\/\",\"url\":\"https:\\\/\\\/aefcastro.net\\\/ensinoprofissional\\\/index.php\\\/eqavet-2021-2022\\\/\",\"name\":\"#EQAVET 2021-2022 - Ensino Profissional\",\"isPartOf\":{\"@id\":\"https:\\\/\\\/aefcastro.net\\\/ensinoprofissional\\\/#website\"},\"datePublished\":\"2025-09-04T23:27:27+00:00\",\"dateModified\":\"2025-09-05T00:04:11+00:00\",\"breadcrumb\":{\"@id\":\"https:\\\/\\\/aefcastro.net\\\/ensinoprofissional\\\/index.php\\\/eqavet-2021-2022\\\/#breadcrumb\"},\"inLanguage\":\"pt-PT\",\"potentialAction\":[{\"@type\":\"ReadAction\",\"target\":[\"https:\\\/\\\/aefcastro.net\\\/ensinoprofissional\\\/index.php\\\/eqavet-2021-2022\\\/\"]}]},{\"@type\":\"BreadcrumbList\",\"@id\":\"https:\\\/\\\/aefcastro.net\\\/ensinoprofissional\\\/index.php\\\/eqavet-2021-2022\\\/#breadcrumb\",\"itemListElement\":[{\"@type\":\"ListItem\",\"position\":1,\"name\":\"In\u00edcio\",\"item\":\"https:\\\/\\\/aefcastro.net\\\/ensinoprofissional\\\/\"},{\"@type\":\"ListItem\",\"position\":2,\"name\":\"#EQAVET 2021-2022\"}]},{\"@type\":\"WebSite\",\"@id\":\"https:\\\/\\\/aefcastro.net\\\/ensinoprofissional\\\/#website\",\"url\":\"https:\\\/\\\/aefcastro.net\\\/ensinoprofissional\\\/\",\"name\":\"Ensino Profissional\",\"description\":\"Centro Tecnol\u00f3gico Especializado | Inform\u00e1tica\",\"publisher\":{\"@id\":\"https:\\\/\\\/aefcastro.net\\\/ensinoprofissional\\\/#organization\"},\"potentialAction\":[{\"@type\":\"SearchAction\",\"target\":{\"@type\":\"EntryPoint\",\"urlTemplate\":\"https:\\\/\\\/aefcastro.net\\\/ensinoprofissional\\\/?s={search_term_string}\"},\"query-input\":{\"@type\":\"PropertyValueSpecification\",\"valueRequired\":true,\"valueName\":\"search_term_string\"}}],\"inLanguage\":\"pt-PT\"},{\"@type\":\"Organization\",\"@id\":\"https:\\\/\\\/aefcastro.net\\\/ensinoprofissional\\\/#organization\",\"name\":\"Ensino Profissional\",\"url\":\"https:\\\/\\\/aefcastro.net\\\/ensinoprofissional\\\/\",\"logo\":{\"@type\":\"ImageObject\",\"inLanguage\":\"pt-PT\",\"@id\":\"https:\\\/\\\/aefcastro.net\\\/ensinoprofissional\\\/#\\\/schema\\\/logo\\\/image\\\/\",\"url\":\"https:\\\/\\\/aefcastro.net\\\/ensinoprofissional\\\/wp-content\\\/uploads\\\/2024\\\/07\\\/cropped-logoAEFCastro-1.png\",\"contentUrl\":\"https:\\\/\\\/aefcastro.net\\\/ensinoprofissional\\\/wp-content\\\/uploads\\\/2024\\\/07\\\/cropped-logoAEFCastro-1.png\",\"width\":512,\"height\":512,\"caption\":\"Ensino Profissional\"},\"image\":{\"@id\":\"https:\\\/\\\/aefcastro.net\\\/ensinoprofissional\\\/#\\\/schema\\\/logo\\\/image\\\/\"},\"sameAs\":[\"https:\\\/\\\/www.facebook.com\\\/AgrupamentodeEscolasFerreiraCastroOAZ\"]}]}<\/script>\n<!-- \/ Yoast SEO plugin. -->","yoast_head_json":{"title":"#EQAVET 2021-2022 - Ensino Profissional","robots":{"index":"index","follow":"follow","max-snippet":"max-snippet:-1","max-image-preview":"max-image-preview:large","max-video-preview":"max-video-preview:-1"},"canonical":"https:\/\/aefcastro.net\/ensinoprofissional\/index.php\/eqavet-2021-2022\/","og_locale":"pt_PT","og_type":"article","og_title":"#EQAVET 2021-2022 - Ensino Profissional","og_description":"Relat\u00f3rios &#8211; An\u00e1lise&nbsp;Question\u00e1rios&nbsp;(2\u00baSemestre)&nbsp;","og_url":"https:\/\/aefcastro.net\/ensinoprofissional\/index.php\/eqavet-2021-2022\/","og_site_name":"Ensino Profissional","article_publisher":"https:\/\/www.facebook.com\/AgrupamentodeEscolasFerreiraCastroOAZ","article_modified_time":"2025-09-05T00:04:11+00:00","twitter_card":"summary_large_image","twitter_misc":{"Tempo estimado de leitura":"1 minuto"},"schema":{"@context":"https:\/\/schema.org","@graph":[{"@type":"WebPage","@id":"https:\/\/aefcastro.net\/ensinoprofissional\/index.php\/eqavet-2021-2022\/","url":"https:\/\/aefcastro.net\/ensinoprofissional\/index.php\/eqavet-2021-2022\/","name":"#EQAVET 2021-2022 - Ensino Profissional","isPartOf":{"@id":"https:\/\/aefcastro.net\/ensinoprofissional\/#website"},"datePublished":"2025-09-04T23:27:27+00:00","dateModified":"2025-09-05T00:04:11+00:00","breadcrumb":{"@id":"https:\/\/aefcastro.net\/ensinoprofissional\/index.php\/eqavet-2021-2022\/#breadcrumb"},"inLanguage":"pt-PT","potentialAction":[{"@type":"ReadAction","target":["https:\/\/aefcastro.net\/ensinoprofissional\/index.php\/eqavet-2021-2022\/"]}]},{"@type":"BreadcrumbList","@id":"https:\/\/aefcastro.net\/ensinoprofissional\/index.php\/eqavet-2021-2022\/#breadcrumb","itemListElement":[{"@type":"ListItem","position":1,"name":"In\u00edcio","item":"https:\/\/aefcastro.net\/ensinoprofissional\/"},{"@type":"ListItem","position":2,"name":"#EQAVET 2021-2022"}]},{"@type":"WebSite","@id":"https:\/\/aefcastro.net\/ensinoprofissional\/#website","url":"https:\/\/aefcastro.net\/ensinoprofissional\/","name":"Ensino Profissional","description":"Centro Tecnol\u00f3gico Especializado | Inform\u00e1tica","publisher":{"@id":"https:\/\/aefcastro.net\/ensinoprofissional\/#organization"},"potentialAction":[{"@type":"SearchAction","target":{"@type":"EntryPoint","urlTemplate":"https:\/\/aefcastro.net\/ensinoprofissional\/?s={search_term_string}"},"query-input":{"@type":"PropertyValueSpecification","valueRequired":true,"valueName":"search_term_string"}}],"inLanguage":"pt-PT"},{"@type":"Organization","@id":"https:\/\/aefcastro.net\/ensinoprofissional\/#organization","name":"Ensino Profissional","url":"https:\/\/aefcastro.net\/ensinoprofissional\/","logo":{"@type":"ImageObject","inLanguage":"pt-PT","@id":"https:\/\/aefcastro.net\/ensinoprofissional\/#\/schema\/logo\/image\/","url":"https:\/\/aefcastro.net\/ensinoprofissional\/wp-content\/uploads\/2024\/07\/cropped-logoAEFCastro-1.png","contentUrl":"https:\/\/aefcastro.net\/ensinoprofissional\/wp-content\/uploads\/2024\/07\/cropped-logoAEFCastro-1.png","width":512,"height":512,"caption":"Ensino Profissional"},"image":{"@id":"https:\/\/aefcastro.net\/ensinoprofissional\/#\/schema\/logo\/image\/"},"sameAs":["https:\/\/www.facebook.com\/AgrupamentodeEscolasFerreiraCastroOAZ"]}]}},"_links":{"self":[{"href":"https:\/\/aefcastro.net\/ensinoprofissional\/index.php\/wp-json\/wp\/v2\/pages\/2959","targetHints":{"allow":["GET"]}}],"collection":[{"href":"https:\/\/aefcastro.net\/ensinoprofissional\/index.php\/wp-json\/wp\/v2\/pages"}],"about":[{"href":"https:\/\/aefcastro.net\/ensinoprofissional\/index.php\/wp-json\/wp\/v2\/types\/page"}],"author":[{"embeddable":true,"href":"https:\/\/aefcastro.net\/ensinoprofissional\/index.php\/wp-json\/wp\/v2\/users\/1"}],"replies":[{"embeddable":true,"href":"https:\/\/aefcastro.net\/ensinoprofissional\/index.php\/wp-json\/wp\/v2\/comments?post=2959"}],"version-history":[{"count":10,"href":"https:\/\/aefcastro.net\/ensinoprofissional\/index.php\/wp-json\/wp\/v2\/pages\/2959\/revisions"}],"predecessor-version":[{"id":2974,"href":"https:\/\/aefcastro.net\/ensinoprofissional\/index.php\/wp-json\/wp\/v2\/pages\/2959\/revisions\/2974"}],"wp:attachment":[{"href":"https:\/\/aefcastro.net\/ensinoprofissional\/index.php\/wp-json\/wp\/v2\/media?parent=2959"}],"curies":[{"name":"wp","href":"https:\/\/api.w.org\/{rel}","templated":true}]}}